{"id":186,"date":"2026-04-06T01:00:54","date_gmt":"2026-04-06T01:00:54","guid":{"rendered":"https:\/\/kiitmismasin.ee\/?page_id=186"},"modified":"2026-04-15T12:49:11","modified_gmt":"2026-04-15T12:49:11","slug":"unsere-geschichte","status":"publish","type":"page","link":"https:\/\/praisemachine.com\/de\/meie-lugu\/","title":{"rendered":"\u00dcber uns"},"content":{"rendered":"<p>Alle Menschen brauchen Aufmerksamkeit und Anerkennung. Aber manche Menschen brauchen sie mehr. Und wenn sie das Gef\u00fchl haben, dass andere sie nicht gut genug anerkennen, m\u00fcssen sie sich selbst loben und tadeln.<br><br>Es gibt viele solcher Menschen um uns herum (man k\u00f6nnte sogar sagen, die gro\u00dfe Mehrheit), sowohl im echten Leben als auch in den sozialen Medien. Bei einigen kann es sogar so schlimm sein, dass sie andere gar nicht mehr wahrnehmen k\u00f6nnen - und Studien haben gezeigt, dass dies weltweit ein wachsender Trend ist.<br><br>Diese Menschen taten uns leid, und eines Tages beschlossen wir, ihnen zu Hilfe zu kommen.<br><br><strong>Und so wurde die Praise Machine geboren - ein Krankenwagen f\u00fcr alle, die sich nach Anerkennung sehnen, unter der Phobie leiden, unbemerkt zu bleiben, oder sich Sorgen machen, dass die Welt ohne sie etwas verpasst.<\/strong><br><br>Unsere Aufgabe ist einfach: professionelles und genaues \u201cLob\u201d in Situationen, in denen das \u00fcbliche \u201cGef\u00e4llt mir\u201d nicht ausreicht oder den Dopaminspiegel nicht mehr ausreichend anhebt.<br><br>Wenn Sie jemanden kennen, der unter den Symptomen von Unaufmerksamkeit leidet und dringend Hilfe braucht, reichen Sie ihm die Hand und benutzen Sie die Lobmaschine. Es braucht so wenig, um Menschen Gutes zu tun.<br><br><strong>Unser aufrichtiger Dank gilt all den guten Menschen, die dazu beitragen, von denen wahrgenommen zu werden, die bereits auf sich aufmerksam gemacht haben!<\/strong><br><br><strong>P.S.<\/strong> Wir sind dabei, mit den Ministerien f\u00fcr Soziales, Gesundheit, Finanzen, Kultur und anderen zu verhandeln, die in der Kiitmismachine ein gro\u00dfes Potenzial zur Verbesserung der Gesundheit und des Wohlbefindens der Menschen sehen.<br><br>Es ist geplant, die besten Spender des Monats und der Woche zu pr\u00e4mieren, damit sowohl der Spender als auch der Empf\u00e4nger von einem breiteren Publikum anerkannt werden k\u00f6nnen.<br><br><strong>Wenn m\u00f6glich, werden die Gewinner vom medizinischen Leiter der Lobmaschine pers\u00f6nlich kontaktiert.<\/strong><\/p>\n\n\n\n<p><\/p>","protected":false},"excerpt":{"rendered":"<p>K\u00f5ik inimesed vajavad t\u00e4helepanu ja tunnustust. M\u00f5ned inimesed aga vajavad seda rohkem. Ja kui nad tunnevad, et teised ei saa [&hellip;]<\/p>\n","protected":false},"author":1,"featured_media":0,"parent":0,"menu_order":0,"comment_status":"closed","ping_status":"closed","template":"","meta":{"site-sidebar-layout":"default","site-content-layout":"","ast-site-content-layout":"default","site-content-style":"default","site-sidebar-style":"default","ast-global-header-display":"","ast-banner-title-visibility":"","ast-main-header-display":"","ast-hfb-above-header-display":"","ast-hfb-below-header-display":"","ast-hfb-mobile-header-display":"","site-post-title":"","ast-breadcrumbs-content":"","ast-featured-img":"","footer-sml-layout":"","ast-disable-related-posts":"","theme-transparent-header-meta":"","adv-header-id-meta":"","stick-header-meta":"","header-above-stick-meta":"","header-main-stick-meta":"","header-below-stick-meta":"","astra-migrate-meta-layouts":"default","ast-page-background-enabled":"default","ast-page-background-meta":{"desktop":{"background-color":"var(--ast-global-color-5)","background-image":"","background-repeat":"repeat","background-position":"center center","background-size":"auto","background-attachment":"scroll","background-type":"","background-media":"","overlay-type":"","overlay-color":"","overlay-opacity":"","overlay-gradient":""},"tablet":{"background-color":"","background-image":"","background-repeat":"repeat","background-position":"center center","background-size":"auto","background-attachment":"scroll","background-type":"","background-media":"","overlay-type":"","overlay-color":"","overlay-opacity":"","overlay-gradient":""},"mobile":{"background-color":"","background-image":"","background-repeat":"repeat","background-position":"center center","background-size":"auto","background-attachment":"scroll","background-type":"","background-media":"","overlay-type":"","overlay-color":"","overlay-opacity":"","overlay-gradient":""}},"ast-content-background-meta":{"desktop":{"background-color":"var(--ast-global-color-4)","background-image":"","background-repeat":"repeat","background-position":"center center","background-size":"auto","background-attachment":"scroll","background-type":"","background-media":"","overlay-type":"","overlay-color":"","overlay-opacity":"","overlay-gradient":""},"tablet":{"background-color":"var(--ast-global-color-4)","background-image":"","background-repeat":"repeat","background-position":"center center","background-size":"auto","background-attachment":"scroll","background-type":"","background-media":"","overlay-type":"","overlay-color":"","overlay-opacity":"","overlay-gradient":""},"mobile":{"background-color":"var(--ast-global-color-4)","background-image":"","background-repeat":"repeat","background-position":"center center","background-size":"auto","background-attachment":"scroll","background-type":"","background-media":"","overlay-type":"","overlay-color":"","overlay-opacity":"","overlay-gradient":""}},"footnotes":""},"class_list":["post-186","page","type-page","status-publish","hentry"],"_links":{"self":[{"href":"https:\/\/praisemachine.com\/de\/wp-json\/wp\/v2\/pages\/186","targetHints":{"allow":["GET"]}}],"collection":[{"href":"https:\/\/praisemachine.com\/de\/wp-json\/wp\/v2\/pages"}],"about":[{"href":"https:\/\/praisemachine.com\/de\/wp-json\/wp\/v2\/types\/page"}],"author":[{"embeddable":true,"href":"https:\/\/praisemachine.com\/de\/wp-json\/wp\/v2\/users\/1"}],"replies":[{"embeddable":true,"href":"https:\/\/praisemachine.com\/de\/wp-json\/wp\/v2\/comments?post=186"}],"version-history":[{"count":4,"href":"https:\/\/praisemachine.com\/de\/wp-json\/wp\/v2\/pages\/186\/revisions"}],"predecessor-version":[{"id":552,"href":"https:\/\/praisemachine.com\/de\/wp-json\/wp\/v2\/pages\/186\/revisions\/552"}],"wp:attachment":[{"href":"https:\/\/praisemachine.com\/de\/wp-json\/wp\/v2\/media?parent=186"}],"curies":[{"name":"wp","href":"https:\/\/api.w.org\/{rel}","templated":true}]}}