{"id":3,"date":"2026-02-12T10:42:31","date_gmt":"2026-02-12T10:42:31","guid":{"rendered":"https:\/\/kiitmismasin.ee\/?page_id=3"},"modified":"2026-04-15T18:54:37","modified_gmt":"2026-04-15T18:54:37","slug":"datenschutzbestimmungen","status":"publish","type":"page","link":"https:\/\/praisemachine.com\/de\/privacy-policy\/","title":{"rendered":"Bedingungen f\u00fcr die Nutzung"},"content":{"rendered":"<p><\/p>\n\n\n\n<ol class=\"wp-block-list\">\n<li class=\"translation-block\"><strong>Vereinbarung<\/strong> Durch die Nutzung dieser Website erkl\u00e4ren Sie sich mit diesen Bedingungen einverstanden. Wenn Sie das nicht tun, k\u00f6nnen Sie sie mit W\u00fcrde schlie\u00dfen und etwas tun, was Sie f\u00fcr besser halten.<\/li>\n\n\n\n<li><strong>Zweck des Dienstes<\/strong> PraiseMachine ist eine Unterhaltungsplattform, die auf humorvolle Weise Ph\u00e4nomene der sozialen Medien reflektiert. Manchmal elegant, manchmal ein bisschen verr\u00fcckt. Sie ist zur Unterhaltung gedacht, nicht zur Therapie, Rechtsberatung oder Lebensberatung.<\/li>\n\n\n\n<li><strong>Nutzerverhalten und bew\u00e4hrte Praktiken<\/strong> Die Lobpreisungsmaschine ist dazu gedacht, Ph\u00e4nomene l\u00e4cherlich zu machen, nicht Menschen. Durch die Nutzung des Dienstes erkl\u00e4ren Sie sich damit einverstanden:<\/li>\n<\/ol>\n\n\n\n<ul class=\"wp-block-list\">\n<li>Fokus auf Aktionen: Sie k\u00f6nnen die \u00f6ffentlichen Handlungen einer Person, ihre Haltung, ihren Postingstil oder bestimmte Aussagen kommentieren und reflektieren.<\/li>\n\n\n\n<li>Pers\u00f6nliche Integrit\u00e4t: Es ist strengstens untersagt, die erstellten Texte zu verwenden, um eine Person aufgrund ihrer Ethnie, ihres Geschlechts, ihrer Gesundheit, ihrer Religion oder \u00e4hnlicher Merkmale anzugreifen.<\/li>\n\n\n\n<li>Beleidigen Sie nicht: Wir fordern die Nutzer auf, nicht unh\u00f6flich oder beleidigend zu sein. Ermutigen Sie Nutzer nicht, unattraktiv zu sein oder Sie zu schikanieren.<\/li>\n<\/ul>\n\n\n\n<ol start=\"4\" class=\"wp-block-list\">\n<li><strong>Verantwortung des Benutzers<\/strong> Die Lobmaschine bietet ein Werkzeug zur Erstellung von Text\/Bild. Die Verantwortung f\u00fcr die Verwendung des generierten Textes\/Bildes, die Ver\u00f6ffentlichung und deren Folgen liegt allein beim Nutzer. Der Anbieter hat keinen Einfluss darauf, wo und wie die generierten Texte geteilt werden und \u00fcbernimmt keine Verantwortung f\u00fcr etwaige Streitigkeiten, die aus der Ver\u00f6ffentlichung des Textes auf Plattformen Dritter (Facebook, Instagram, LinkedIn, etc.) entstehen k\u00f6nnen.<\/li>\n\n\n\n<li><strong>Geistiges Eigentum<\/strong> Der Code, das Design und die allgemeine Originalit\u00e4t der Website geh\u00f6ren dem Eigent\u00fcmer. Die erzeugten Auszeichnungen k\u00f6nnen Sie behalten, weitergeben oder mit leichter Verlegenheit l\u00f6schen - vorausgesetzt, Sie befolgen die oben genannten Leitlinien f\u00fcr bew\u00e4hrte Verfahren.<\/li>\n\n\n\n<li><strong>Begrenzung der Haftung<\/strong> Wir sind nicht verantwortlich:<\/li>\n<\/ol>\n\n\n\n<ul class=\"wp-block-list\">\n<li>f\u00fcr einen pl\u00f6tzlichen Vertrauensschub<\/li>\n\n\n\n<li>peinliche soziale Situationen, die durch \u00fcberm\u00e4\u00dfiges Teilen von Lob verursacht werden.<\/li>\n\n\n\n<li>Freunde meinen, Sie seien \u201czu klug\u201d geworden.<\/li>\n\n\n\n<li>f\u00fcr jedes T-Shirt, auf das Sie den von Ihnen erstellten Text drucken. <br>Der Dienst wird \u201cwie er ist\u201d angeboten, ohne jegliche Garantie f\u00fcr Genauigkeit, Stabilit\u00e4t oder kosmische Ausrichtung.<\/li>\n<\/ul>\n\n\n\n<ol start=\"7\" class=\"wp-block-list\">\n<li><strong>\u00c4nderung der Bedingungen und Konditionen<\/strong> Wir k\u00f6nnen diese Bedingungen jederzeit erneuern. Sie k\u00f6nnen so tun, als ob Sie die Aktualisierungen lesen w\u00fcrden. Das Leben geht weiter.<\/li>\n\n\n\n<li><strong>Anwendbares Recht<\/strong> Diese Bedingungen unterliegen dem estnischen Recht, sofern die geltenden Vorschriften nichts anderes vorschreiben.<\/li>\n<\/ol>\n\n\n\n<p><\/p>","protected":false},"excerpt":{"rendered":"","protected":false},"author":1,"featured_media":0,"parent":0,"menu_order":0,"comment_status":"closed","ping_status":"closed","template":"","meta":{"site-sidebar-layout":"default","site-content-layout":"","ast-site-content-layout":"default","site-content-style":"default","site-sidebar-style":"default","ast-global-header-display":"","ast-banner-title-visibility":"","ast-main-header-display":"","ast-hfb-above-header-display":"","ast-hfb-below-header-display":"","ast-hfb-mobile-header-display":"","site-post-title":"","ast-breadcrumbs-content":"","ast-featured-img":"","footer-sml-layout":"","ast-disable-related-posts":"","theme-transparent-header-meta":"","adv-header-id-meta":"","stick-header-meta":"","header-above-stick-meta":"","header-main-stick-meta":"","header-below-stick-meta":"","astra-migrate-meta-layouts":"default","ast-page-background-enabled":"default","ast-page-background-meta":{"desktop":{"background-color":"var(--ast-global-color-5)","background-image":"","background-repeat":"repeat","background-position":"center center","background-size":"auto","background-attachment":"scroll","background-type":"","background-media":"","overlay-type":"","overlay-color":"","overlay-opacity":"","overlay-gradient":""},"tablet":{"background-color":"","background-image":"","background-repeat":"repeat","background-position":"center center","background-size":"auto","background-attachment":"scroll","background-type":"","background-media":"","overlay-type":"","overlay-color":"","overlay-opacity":"","overlay-gradient":""},"mobile":{"background-color":"","background-image":"","background-repeat":"repeat","background-position":"center center","background-size":"auto","background-attachment":"scroll","background-type":"","background-media":"","overlay-type":"","overlay-color":"","overlay-opacity":"","overlay-gradient":""}},"ast-content-background-meta":{"desktop":{"background-color":"var(--ast-global-color-4)","background-image":"","background-repeat":"repeat","background-position":"center center","background-size":"auto","background-attachment":"scroll","background-type":"","background-media":"","overlay-type":"","overlay-color":"","overlay-opacity":"","overlay-gradient":""},"tablet":{"background-color":"var(--ast-global-color-4)","background-image":"","background-repeat":"repeat","background-position":"center center","background-size":"auto","background-attachment":"scroll","background-type":"","background-media":"","overlay-type":"","overlay-color":"","overlay-opacity":"","overlay-gradient":""},"mobile":{"background-color":"var(--ast-global-color-4)","background-image":"","background-repeat":"repeat","background-position":"center center","background-size":"auto","background-attachment":"scroll","background-type":"","background-media":"","overlay-type":"","overlay-color":"","overlay-opacity":"","overlay-gradient":""}},"footnotes":""},"class_list":["post-3","page","type-page","status-publish","hentry"],"_links":{"self":[{"href":"https:\/\/praisemachine.com\/de\/wp-json\/wp\/v2\/pages\/3","targetHints":{"allow":["GET"]}}],"collection":[{"href":"https:\/\/praisemachine.com\/de\/wp-json\/wp\/v2\/pages"}],"about":[{"href":"https:\/\/praisemachine.com\/de\/wp-json\/wp\/v2\/types\/page"}],"author":[{"embeddable":true,"href":"https:\/\/praisemachine.com\/de\/wp-json\/wp\/v2\/users\/1"}],"replies":[{"embeddable":true,"href":"https:\/\/praisemachine.com\/de\/wp-json\/wp\/v2\/comments?post=3"}],"version-history":[{"count":5,"href":"https:\/\/praisemachine.com\/de\/wp-json\/wp\/v2\/pages\/3\/revisions"}],"predecessor-version":[{"id":565,"href":"https:\/\/praisemachine.com\/de\/wp-json\/wp\/v2\/pages\/3\/revisions\/565"}],"wp:attachment":[{"href":"https:\/\/praisemachine.com\/de\/wp-json\/wp\/v2\/media?parent=3"}],"curies":[{"name":"wp","href":"https:\/\/api.w.org\/{rel}","templated":true}]}}