{"id":473,"date":"2026-04-08T12:52:20","date_gmt":"2026-04-08T12:52:20","guid":{"rendered":"https:\/\/kiitmismasin.ee\/?page_id=473"},"modified":"2026-04-08T12:53:40","modified_gmt":"2026-04-08T12:53:40","slug":"nadalas-beste","status":"publish","type":"page","link":"https:\/\/praisemachine.com\/de\/nadala-parimad\/","title":{"rendered":"Top der Woche"},"content":{"rendered":"<p>W\u00e4hlen Sie Ihren Favoriten! <br><br>Die besten Kommentare nehmen an dem Wettbewerb teil, aber ein guter Kommentar basiert immer auf einem talentierten Beitrag. Unsere Expertenjury w\u00e4hlt jede Woche die besten Nominierten aus, und die Fans k\u00f6nnen ihrem Favoriten auf seinem Weg zum Ruhm einen Schub geben. <br><br>Der Kommentar kann mehrere Wochen lang f\u00fcr den besten Titel gevotet werden, und in Zukunft wird es m\u00f6glich sein, gro\u00dfe Summen von unseren Sponsoren zu verdienen. <br><br>Wir w\u00fcnschen allen viel Gl\u00fcck!<\/p>\n\n\n<div id=\"polls-2\" class=\"wp-polls\">\n\t\t<p style=\"text-align: center\"><strong>Bester Kommentar der Woche<\/strong><\/p><div id=\"polls-2-ans\" class=\"wp-polls-ans\"><ul class=\"wp-polls-ul\">\n\t\t<li>Kandidat 1 <small>(0%, 0 Stimmen)<\/small><div class=\"pollbar\" style=\"width: 1%\" title=\"Nominierter 1 (0% | 0 Stimmen)\"><\/div><\/li>\n\t\t<li>Kandidat 2 <small>(0%, 0 Stimmen)<\/small><div class=\"pollbar\" style=\"width: 1%\" title=\"Nominierter 2 (0% | 0 Stimmen)\"><\/div><\/li>\n\t\t<li>Kandidat 3 <small>(0%, 0 Stimmen)<\/small><div class=\"pollbar\" style=\"width: 1%\" title=\"Nominierter 3 (0% | 0 Stimmen)\"><\/div><\/li>\n\t\t<\/ul><p style=\"text-align: center\">W\u00e4hler insgesamt: <strong>0<\/strong><\/p><\/div>\n\t\t<input type=\"hidden\" id=\"poll_2_nonce\" name=\"wp-polls-nonce\" value=\"122e206b7c\" \/>\n<\/div>\n<div id=\"polls-2-loading\" class=\"wp-polls-loading\"><img loading=\"lazy\" decoding=\"async\" src=\"https:\/\/praisemachine.com\/wp-content\/plugins\/wp-polls\/images\/loading.gif\" width=\"16\" height=\"16\" alt=\"Wird geladen ...\" title=\"Wird geladen ...\" class=\"wp-polls-image\" \/>&nbsp;Wird geladen ...<\/div>","protected":false},"excerpt":{"rendered":"<p>Vali oma lemmik! Kuigi v\u00f5istlustulle astuvad parimad kommentaarid, siis hea kommentaari eelduseks on alati andekas postitus. Meie ekspertkomisjon hakkab valima [&hellip;]<\/p>\n","protected":false},"author":1,"featured_media":0,"parent":0,"menu_order":0,"comment_status":"closed","ping_status":"closed","template":"","meta":{"site-sidebar-layout":"default","site-content-layout":"","ast-site-content-layout":"default","site-content-style":"default","site-sidebar-style":"default","ast-global-header-display":"","ast-banner-title-visibility":"","ast-main-header-display":"","ast-hfb-above-header-display":"","ast-hfb-below-header-display":"","ast-hfb-mobile-header-display":"","site-post-title":"","ast-breadcrumbs-content":"","ast-featured-img":"","footer-sml-layout":"","ast-disable-related-posts":"","theme-transparent-header-meta":"","adv-header-id-meta":"","stick-header-meta":"","header-above-stick-meta":"","header-main-stick-meta":"","header-below-stick-meta":"","astra-migrate-meta-layouts":"default","ast-page-background-enabled":"default","ast-page-background-meta":{"desktop":{"background-color":"var(--ast-global-color-5)","background-image":"","background-repeat":"repeat","background-position":"center center","background-size":"auto","background-attachment":"scroll","background-type":"","background-media":"","overlay-type":"","overlay-color":"","overlay-opacity":"","overlay-gradient":""},"tablet":{"background-color":"","background-image":"","background-repeat":"repeat","background-position":"center center","background-size":"auto","background-attachment":"scroll","background-type":"","background-media":"","overlay-type":"","overlay-color":"","overlay-opacity":"","overlay-gradient":""},"mobile":{"background-color":"","background-image":"","background-repeat":"repeat","background-position":"center center","background-size":"auto","background-attachment":"scroll","background-type":"","background-media":"","overlay-type":"","overlay-color":"","overlay-opacity":"","overlay-gradient":""}},"ast-content-background-meta":{"desktop":{"background-color":"var(--ast-global-color-4)","background-image":"","background-repeat":"repeat","background-position":"center center","background-size":"auto","background-attachment":"scroll","background-type":"","background-media":"","overlay-type":"","overlay-color":"","overlay-opacity":"","overlay-gradient":""},"tablet":{"background-color":"var(--ast-global-color-4)","background-image":"","background-repeat":"repeat","background-position":"center center","background-size":"auto","background-attachment":"scroll","background-type":"","background-media":"","overlay-type":"","overlay-color":"","overlay-opacity":"","overlay-gradient":""},"mobile":{"background-color":"var(--ast-global-color-4)","background-image":"","background-repeat":"repeat","background-position":"center center","background-size":"auto","background-attachment":"scroll","background-type":"","background-media":"","overlay-type":"","overlay-color":"","overlay-opacity":"","overlay-gradient":""}},"footnotes":""},"class_list":["post-473","page","type-page","status-publish","hentry"],"_links":{"self":[{"href":"https:\/\/praisemachine.com\/de\/wp-json\/wp\/v2\/pages\/473","targetHints":{"allow":["GET"]}}],"collection":[{"href":"https:\/\/praisemachine.com\/de\/wp-json\/wp\/v2\/pages"}],"about":[{"href":"https:\/\/praisemachine.com\/de\/wp-json\/wp\/v2\/types\/page"}],"author":[{"embeddable":true,"href":"https:\/\/praisemachine.com\/de\/wp-json\/wp\/v2\/users\/1"}],"replies":[{"embeddable":true,"href":"https:\/\/praisemachine.com\/de\/wp-json\/wp\/v2\/comments?post=473"}],"version-history":[{"count":2,"href":"https:\/\/praisemachine.com\/de\/wp-json\/wp\/v2\/pages\/473\/revisions"}],"predecessor-version":[{"id":475,"href":"https:\/\/praisemachine.com\/de\/wp-json\/wp\/v2\/pages\/473\/revisions\/475"}],"wp:attachment":[{"href":"https:\/\/praisemachine.com\/de\/wp-json\/wp\/v2\/media?parent=473"}],"curies":[{"name":"wp","href":"https:\/\/api.w.org\/{rel}","templated":true}]}}