{"id":542,"date":"2026-04-14T19:02:38","date_gmt":"2026-04-14T19:02:38","guid":{"rendered":"https:\/\/kiitmismasin.ee\/?page_id=542"},"modified":"2026-04-16T11:44:44","modified_gmt":"2026-04-16T11:44:44","slug":"naited","status":"publish","type":"page","link":"https:\/\/praisemachine.com\/de\/naited\/","title":{"rendered":"Beispiele"},"content":{"rendered":"<p>Eine Lobmaschine ist ein Werkzeug, das den Menschen in dreierlei Hinsicht hilft:<\/p>\n\n\n\n<ol class=\"wp-block-list\">\n<li><strong>Kommentar zu einem Beitrag in den sozialen Medien<\/strong> - erzeugt sofort einen am\u00fcsanten und witzigen Kommentar und nutzt die Gelegenheit, den Autor des Beitrags zu beleidigen.<\/li>\n\n\n\n<li><strong>Vibe-Check<\/strong> - analysiert einen Social-Media-Beitrag kritisch und gibt einen Einblick in die m\u00f6gliche Interpretation - mit Vorschl\u00e4gen, wie er verbessert werden kann.<\/li>\n\n\n\n<li class=\"translation-block\"><strong>Kompliment an einen Freund<\/strong> - verfassen Sie auf der Grundlage der von Ihnen eingegebenen Schl\u00fcsselw\u00f6rter (Name, Alter, Ereignis, Beruf usw.) einen lustigen Gl\u00fcckwunsch oder ein Kompliment in Form einer Kurzgeschichte, eines Gedichts, eines Diploms oder einer Karikatur.<\/li>\n<\/ol>\n\n\n\n<p>Im Folgenden finden Sie einige Beispiele - Input und Output -, die genau zeigen, wie diese L\u00f6sungen funktionieren.<\/p>\n\n\n\n<p><\/p>","protected":false},"excerpt":{"rendered":"<p>Kiitmismasin on t\u00f6\u00f6riist, mis aitab inimesi kolmel viisil: Allpool m\u00f5ned n\u00e4ited \u2013 sisend ja v\u00e4ljund \u2013 et n\u00e4eksid t\u00e4pselt, kuidas [&hellip;]<\/p>\n","protected":false},"author":1,"featured_media":0,"parent":0,"menu_order":0,"comment_status":"closed","ping_status":"closed","template":"","meta":{"site-sidebar-layout":"default","site-content-layout":"","ast-site-content-layout":"default","site-content-style":"default","site-sidebar-style":"default","ast-global-header-display":"","ast-banner-title-visibility":"","ast-main-header-display":"","ast-hfb-above-header-display":"","ast-hfb-below-header-display":"","ast-hfb-mobile-header-display":"","site-post-title":"","ast-breadcrumbs-content":"","ast-featured-img":"","footer-sml-layout":"","ast-disable-related-posts":"","theme-transparent-header-meta":"","adv-header-id-meta":"","stick-header-meta":"","header-above-stick-meta":"","header-main-stick-meta":"","header-below-stick-meta":"","astra-migrate-meta-layouts":"default","ast-page-background-enabled":"default","ast-page-background-meta":{"desktop":{"background-color":"var(--ast-global-color-5)","background-image":"","background-repeat":"repeat","background-position":"center center","background-size":"auto","background-attachment":"scroll","background-type":"","background-media":"","overlay-type":"","overlay-color":"","overlay-opacity":"","overlay-gradient":""},"tablet":{"background-color":"","background-image":"","background-repeat":"repeat","background-position":"center center","background-size":"auto","background-attachment":"scroll","background-type":"","background-media":"","overlay-type":"","overlay-color":"","overlay-opacity":"","overlay-gradient":""},"mobile":{"background-color":"","background-image":"","background-repeat":"repeat","background-position":"center center","background-size":"auto","background-attachment":"scroll","background-type":"","background-media":"","overlay-type":"","overlay-color":"","overlay-opacity":"","overlay-gradient":""}},"ast-content-background-meta":{"desktop":{"background-color":"var(--ast-global-color-4)","background-image":"","background-repeat":"repeat","background-position":"center center","background-size":"auto","background-attachment":"scroll","background-type":"","background-media":"","overlay-type":"","overlay-color":"","overlay-opacity":"","overlay-gradient":""},"tablet":{"background-color":"var(--ast-global-color-4)","background-image":"","background-repeat":"repeat","background-position":"center center","background-size":"auto","background-attachment":"scroll","background-type":"","background-media":"","overlay-type":"","overlay-color":"","overlay-opacity":"","overlay-gradient":""},"mobile":{"background-color":"var(--ast-global-color-4)","background-image":"","background-repeat":"repeat","background-position":"center center","background-size":"auto","background-attachment":"scroll","background-type":"","background-media":"","overlay-type":"","overlay-color":"","overlay-opacity":"","overlay-gradient":""}},"footnotes":""},"class_list":["post-542","page","type-page","status-publish","hentry"],"_links":{"self":[{"href":"https:\/\/praisemachine.com\/de\/wp-json\/wp\/v2\/pages\/542","targetHints":{"allow":["GET"]}}],"collection":[{"href":"https:\/\/praisemachine.com\/de\/wp-json\/wp\/v2\/pages"}],"about":[{"href":"https:\/\/praisemachine.com\/de\/wp-json\/wp\/v2\/types\/page"}],"author":[{"embeddable":true,"href":"https:\/\/praisemachine.com\/de\/wp-json\/wp\/v2\/users\/1"}],"replies":[{"embeddable":true,"href":"https:\/\/praisemachine.com\/de\/wp-json\/wp\/v2\/comments?post=542"}],"version-history":[{"count":3,"href":"https:\/\/praisemachine.com\/de\/wp-json\/wp\/v2\/pages\/542\/revisions"}],"predecessor-version":[{"id":571,"href":"https:\/\/praisemachine.com\/de\/wp-json\/wp\/v2\/pages\/542\/revisions\/571"}],"wp:attachment":[{"href":"https:\/\/praisemachine.com\/de\/wp-json\/wp\/v2\/media?parent=542"}],"curies":[{"name":"wp","href":"https:\/\/api.w.org\/{rel}","templated":true}]}}