{"id":186,"date":"2026-04-06T01:00:54","date_gmt":"2026-04-06T01:00:54","guid":{"rendered":"https:\/\/kiitmismasin.ee\/?page_id=186"},"modified":"2026-04-15T12:49:11","modified_gmt":"2026-04-15T12:49:11","slug":"meie-lugu","status":"publish","type":"page","link":"https:\/\/praisemachine.com\/en\/meie-lugu\/","title":{"rendered":"Our Story"},"content":{"rendered":"<p>All people need attention and recognition. But some need it more. And when they feel that the others cannot cope well enough with it, they boldly take control into their own hands \u2013 through humble self-admiration and modest showing off.<br><br>These people are everywhere, both in real life and on social media. In some cases, it becomes so intense that they no longer even recognize the presence of others \u2013 and studies show that this is a growing trend.<br><br>We felt sorry for these people. So one day we decided to give a hand and do something about it.<br><br><strong>That's how PraiseMachine was born \u2013 urgent care for those who thirst for recognition, suffer from chronic invisibility disorder, or worry that the world might not survive without them.<\/strong><br><br>Our mission is simple: to provide precise, professional praise at moments when a simple \"like\" no longer helps \u2013 or just does not trigger a dopamine hit.<br><br>If you know someone who exhibits symptoms of attention deficiency, don't wait. It takes so little to make someone feel happy.<br><br><strong>Heartfelt thanks to everyone who help people feel seen \u2013 especially those who are already occupied with noticing themselves.<\/strong><br><br><strong>P.S.<\/strong> We have been approached by several ministries \u2013 in social welfare, health, finance, culture \u2013 who see great potential in PraiseMachine for improving public well-being and mental health.<br><br>We also plan to launch weekly awards for the best contributors, where both the helper and the patient receive well-deserved public recognition.<br><br><strong>Top contributors may receive a personal certificate of merit from the Chief Medical Officer of PraiseMachine.<\/strong><\/p>\n\n\n\n<p><\/p>","protected":false},"excerpt":{"rendered":"<p>K\u00f5ik inimesed vajavad t\u00e4helepanu ja tunnustust. M\u00f5ned inimesed aga vajavad seda rohkem. Ja kui nad tunnevad, et teised ei saa [&hellip;]<\/p>\n","protected":false},"author":1,"featured_media":0,"parent":0,"menu_order":0,"comment_status":"closed","ping_status":"closed","template":"","meta":{"site-sidebar-layout":"default","site-content-layout":"","ast-site-content-layout":"default","site-content-style":"default","site-sidebar-style":"default","ast-global-header-display":"","ast-banner-title-visibility":"","ast-main-header-display":"","ast-hfb-above-header-display":"","ast-hfb-below-header-display":"","ast-hfb-mobile-header-display":"","site-post-title":"","ast-breadcrumbs-content":"","ast-featured-img":"","footer-sml-layout":"","ast-disable-related-posts":"","theme-transparent-header-meta":"","adv-header-id-meta":"","stick-header-meta":"","header-above-stick-meta":"","header-main-stick-meta":"","header-below-stick-meta":"","astra-migrate-meta-layouts":"default","ast-page-background-enabled":"default","ast-page-background-meta":{"desktop":{"background-color":"var(--ast-global-color-5)","background-image":"","background-repeat":"repeat","background-position":"center center","background-size":"auto","background-attachment":"scroll","background-type":"","background-media":"","overlay-type":"","overlay-color":"","overlay-opacity":"","overlay-gradient":""},"tablet":{"background-color":"","background-image":"","background-repeat":"repeat","background-position":"center center","background-size":"auto","background-attachment":"scroll","background-type":"","background-media":"","overlay-type":"","overlay-color":"","overlay-opacity":"","overlay-gradient":""},"mobile":{"background-color":"","background-image":"","background-repeat":"repeat","background-position":"center center","background-size":"auto","background-attachment":"scroll","background-type":"","background-media":"","overlay-type":"","overlay-color":"","overlay-opacity":"","overlay-gradient":""}},"ast-content-background-meta":{"desktop":{"background-color":"var(--ast-global-color-4)","background-image":"","background-repeat":"repeat","background-position":"center center","background-size":"auto","background-attachment":"scroll","background-type":"","background-media":"","overlay-type":"","overlay-color":"","overlay-opacity":"","overlay-gradient":""},"tablet":{"background-color":"var(--ast-global-color-4)","background-image":"","background-repeat":"repeat","background-position":"center center","background-size":"auto","background-attachment":"scroll","background-type":"","background-media":"","overlay-type":"","overlay-color":"","overlay-opacity":"","overlay-gradient":""},"mobile":{"background-color":"var(--ast-global-color-4)","background-image":"","background-repeat":"repeat","background-position":"center center","background-size":"auto","background-attachment":"scroll","background-type":"","background-media":"","overlay-type":"","overlay-color":"","overlay-opacity":"","overlay-gradient":""}},"footnotes":""},"class_list":["post-186","page","type-page","status-publish","hentry"],"_links":{"self":[{"href":"https:\/\/praisemachine.com\/en\/wp-json\/wp\/v2\/pages\/186","targetHints":{"allow":["GET"]}}],"collection":[{"href":"https:\/\/praisemachine.com\/en\/wp-json\/wp\/v2\/pages"}],"about":[{"href":"https:\/\/praisemachine.com\/en\/wp-json\/wp\/v2\/types\/page"}],"author":[{"embeddable":true,"href":"https:\/\/praisemachine.com\/en\/wp-json\/wp\/v2\/users\/1"}],"replies":[{"embeddable":true,"href":"https:\/\/praisemachine.com\/en\/wp-json\/wp\/v2\/comments?post=186"}],"version-history":[{"count":4,"href":"https:\/\/praisemachine.com\/en\/wp-json\/wp\/v2\/pages\/186\/revisions"}],"predecessor-version":[{"id":552,"href":"https:\/\/praisemachine.com\/en\/wp-json\/wp\/v2\/pages\/186\/revisions\/552"}],"wp:attachment":[{"href":"https:\/\/praisemachine.com\/en\/wp-json\/wp\/v2\/media?parent=186"}],"curies":[{"name":"wp","href":"https:\/\/api.w.org\/{rel}","templated":true}]}}