{"id":542,"date":"2026-04-14T19:02:38","date_gmt":"2026-04-14T19:02:38","guid":{"rendered":"https:\/\/kiitmismasin.ee\/?page_id=542"},"modified":"2026-04-16T11:44:44","modified_gmt":"2026-04-16T11:44:44","slug":"naited","status":"publish","type":"page","link":"https:\/\/praisemachine.com\/en\/naited\/","title":{"rendered":"Tutorials"},"content":{"rendered":"<p>PraiseMachine is a tool to help people in three ways:<\/p>\n\n\n\n<ol class=\"wp-block-list\">\n<li><strong>Comment on a social media post<\/strong> \u2013 instantly generates a fun and clever comment, so the author has no reason to take offence.<\/li>\n\n\n\n<li><strong>Vibe check<\/strong> \u2013 critically analyses a social media post and gives a quick overview of how it might be interpreted \u2013 along with suggestions on how to improve it.<\/li>\n\n\n\n<li class=\"translation-block\"><strong>Praise for a friend<\/strong> \u2013 based on keywords (name, age, occasion, profession, etc.) it creates a fun compliment or congratulation in the form of a story, poem, diploma or caricature.<\/li>\n<\/ol>\n\n\n\n<p>Below are some examples \u2013 input and output \u2013 so you can see exactly how each of these works.<\/p>\n\n\n\n<p><\/p>","protected":false},"excerpt":{"rendered":"<p>Kiitmismasin on t\u00f6\u00f6riist, mis aitab inimesi kolmel viisil: Allpool m\u00f5ned n\u00e4ited \u2013 sisend ja v\u00e4ljund \u2013 et n\u00e4eksid t\u00e4pselt, kuidas [&hellip;]<\/p>\n","protected":false},"author":1,"featured_media":0,"parent":0,"menu_order":0,"comment_status":"closed","ping_status":"closed","template":"","meta":{"site-sidebar-layout":"default","site-content-layout":"","ast-site-content-layout":"default","site-content-style":"default","site-sidebar-style":"default","ast-global-header-display":"","ast-banner-title-visibility":"","ast-main-header-display":"","ast-hfb-above-header-display":"","ast-hfb-below-header-display":"","ast-hfb-mobile-header-display":"","site-post-title":"","ast-breadcrumbs-content":"","ast-featured-img":"","footer-sml-layout":"","ast-disable-related-posts":"","theme-transparent-header-meta":"","adv-header-id-meta":"","stick-header-meta":"","header-above-stick-meta":"","header-main-stick-meta":"","header-below-stick-meta":"","astra-migrate-meta-layouts":"default","ast-page-background-enabled":"default","ast-page-background-meta":{"desktop":{"background-color":"var(--ast-global-color-5)","background-image":"","background-repeat":"repeat","background-position":"center center","background-size":"auto","background-attachment":"scroll","background-type":"","background-media":"","overlay-type":"","overlay-color":"","overlay-opacity":"","overlay-gradient":""},"tablet":{"background-color":"","background-image":"","background-repeat":"repeat","background-position":"center center","background-size":"auto","background-attachment":"scroll","background-type":"","background-media":"","overlay-type":"","overlay-color":"","overlay-opacity":"","overlay-gradient":""},"mobile":{"background-color":"","background-image":"","background-repeat":"repeat","background-position":"center center","background-size":"auto","background-attachment":"scroll","background-type":"","background-media":"","overlay-type":"","overlay-color":"","overlay-opacity":"","overlay-gradient":""}},"ast-content-background-meta":{"desktop":{"background-color":"var(--ast-global-color-4)","background-image":"","background-repeat":"repeat","background-position":"center center","background-size":"auto","background-attachment":"scroll","background-type":"","background-media":"","overlay-type":"","overlay-color":"","overlay-opacity":"","overlay-gradient":""},"tablet":{"background-color":"var(--ast-global-color-4)","background-image":"","background-repeat":"repeat","background-position":"center center","background-size":"auto","background-attachment":"scroll","background-type":"","background-media":"","overlay-type":"","overlay-color":"","overlay-opacity":"","overlay-gradient":""},"mobile":{"background-color":"var(--ast-global-color-4)","background-image":"","background-repeat":"repeat","background-position":"center center","background-size":"auto","background-attachment":"scroll","background-type":"","background-media":"","overlay-type":"","overlay-color":"","overlay-opacity":"","overlay-gradient":""}},"footnotes":""},"class_list":["post-542","page","type-page","status-publish","hentry"],"_links":{"self":[{"href":"https:\/\/praisemachine.com\/en\/wp-json\/wp\/v2\/pages\/542","targetHints":{"allow":["GET"]}}],"collection":[{"href":"https:\/\/praisemachine.com\/en\/wp-json\/wp\/v2\/pages"}],"about":[{"href":"https:\/\/praisemachine.com\/en\/wp-json\/wp\/v2\/types\/page"}],"author":[{"embeddable":true,"href":"https:\/\/praisemachine.com\/en\/wp-json\/wp\/v2\/users\/1"}],"replies":[{"embeddable":true,"href":"https:\/\/praisemachine.com\/en\/wp-json\/wp\/v2\/comments?post=542"}],"version-history":[{"count":3,"href":"https:\/\/praisemachine.com\/en\/wp-json\/wp\/v2\/pages\/542\/revisions"}],"predecessor-version":[{"id":571,"href":"https:\/\/praisemachine.com\/en\/wp-json\/wp\/v2\/pages\/542\/revisions\/571"}],"wp:attachment":[{"href":"https:\/\/praisemachine.com\/en\/wp-json\/wp\/v2\/media?parent=542"}],"curies":[{"name":"wp","href":"https:\/\/api.w.org\/{rel}","templated":true}]}}