{"id":186,"date":"2026-04-06T01:00:54","date_gmt":"2026-04-06T01:00:54","guid":{"rendered":"https:\/\/kiitmismasin.ee\/?page_id=186"},"modified":"2026-04-15T12:49:11","modified_gmt":"2026-04-15T12:49:11","slug":"nuestra-historia","status":"publish","type":"page","link":"https:\/\/praisemachine.com\/es\/meie-lugu\/","title":{"rendered":"Nosotros"},"content":{"rendered":"<p>Todas las personas necesitan atenci\u00f3n y reconocimiento. Pero algunas lo necesitan m\u00e1s. Y cuando sienten que los dem\u00e1s no lo hacen lo suficientemente bien, deciden asumir esa tarea ellas mismas: alabarse y presumir.<br><br>Hay mucha gente as\u00ed a nuestro alrededor (incluso se podr\u00eda decir que la gran mayor\u00eda), tanto en la vida real como en las redes sociales. En algunos casos puede llegar a ser tan grave que ni siquiera son capaces de fijarse en los dem\u00e1s; de hecho, los estudios han demostrado que se trata de una tendencia creciente en todo el mundo.<br><br>Empezamos a sentir empat\u00eda por estas personas y un d\u00eda decidimos intervenir y echar una mano.<br><br><strong>As\u00ed naci\u00f3 Elogiador: una ambulancia para quienes ans\u00edan reconocimiento, sufren el miedo a pasar desapercibidos o temen que el mundo se pierda algo sin ellos.<\/strong><br><br>Nuestra misi\u00f3n es sencilla: ofrecer \u201celogios\u201d profesionales y precisos en situaciones en las que el t\u00edpico \u201cme gusta\u201d se queda corto o ya no eleva lo suficiente los niveles de dopamina.<br><br>Si tienes a alguien cercano que muestra s\u00edntomas de falta de atenci\u00f3n y necesita una intervenci\u00f3n urgente, ti\u00e9ndele una mano y utiliza Elogiador. Se necesita muy poco para ayudar a los dem\u00e1s.<br><br><strong>Nuestro m\u00e1s sincero agradecimiento a todas las buenas personas que ayudan a dar visibilidad a quienes ya hacen todo lo posible por hacerse notar.<\/strong><br><br><strong>P.D.<\/strong> Estamos iniciando conversaciones con los ministerios de Asuntos Sociales, Sanidad, Hacienda, Cultura y otros, que ven en Elogiador un enorme potencial para mejorar la salud y el bienestar de la poblaci\u00f3n.<br><br>El plan es empezar a otorgar premios a los mejores colaboradores de la semana y del mes, para que tanto quien ayuda como quien recibe la ayuda puedan ser reconocidos por un p\u00fablico m\u00e1s amplio.<br><br><strong>En la medida de lo posible, los ganadores ser\u00e1n contactados personalmente por el m\u00e9dico jefe de Elogiador.<\/strong><\/p>\n\n\n\n<p><\/p>","protected":false},"excerpt":{"rendered":"<p>K\u00f5ik inimesed vajavad t\u00e4helepanu ja tunnustust. M\u00f5ned inimesed aga vajavad seda rohkem. Ja kui nad tunnevad, et teised ei saa [&hellip;]<\/p>\n","protected":false},"author":1,"featured_media":0,"parent":0,"menu_order":0,"comment_status":"closed","ping_status":"closed","template":"","meta":{"site-sidebar-layout":"default","site-content-layout":"","ast-site-content-layout":"default","site-content-style":"default","site-sidebar-style":"default","ast-global-header-display":"","ast-banner-title-visibility":"","ast-main-header-display":"","ast-hfb-above-header-display":"","ast-hfb-below-header-display":"","ast-hfb-mobile-header-display":"","site-post-title":"","ast-breadcrumbs-content":"","ast-featured-img":"","footer-sml-layout":"","ast-disable-related-posts":"","theme-transparent-header-meta":"","adv-header-id-meta":"","stick-header-meta":"","header-above-stick-meta":"","header-main-stick-meta":"","header-below-stick-meta":"","astra-migrate-meta-layouts":"default","ast-page-background-enabled":"default","ast-page-background-meta":{"desktop":{"background-color":"var(--ast-global-color-5)","background-image":"","background-repeat":"repeat","background-position":"center center","background-size":"auto","background-attachment":"scroll","background-type":"","background-media":"","overlay-type":"","overlay-color":"","overlay-opacity":"","overlay-gradient":""},"tablet":{"background-color":"","background-image":"","background-repeat":"repeat","background-position":"center center","background-size":"auto","background-attachment":"scroll","background-type":"","background-media":"","overlay-type":"","overlay-color":"","overlay-opacity":"","overlay-gradient":""},"mobile":{"background-color":"","background-image":"","background-repeat":"repeat","background-position":"center center","background-size":"auto","background-attachment":"scroll","background-type":"","background-media":"","overlay-type":"","overlay-color":"","overlay-opacity":"","overlay-gradient":""}},"ast-content-background-meta":{"desktop":{"background-color":"var(--ast-global-color-4)","background-image":"","background-repeat":"repeat","background-position":"center center","background-size":"auto","background-attachment":"scroll","background-type":"","background-media":"","overlay-type":"","overlay-color":"","overlay-opacity":"","overlay-gradient":""},"tablet":{"background-color":"var(--ast-global-color-4)","background-image":"","background-repeat":"repeat","background-position":"center center","background-size":"auto","background-attachment":"scroll","background-type":"","background-media":"","overlay-type":"","overlay-color":"","overlay-opacity":"","overlay-gradient":""},"mobile":{"background-color":"var(--ast-global-color-4)","background-image":"","background-repeat":"repeat","background-position":"center center","background-size":"auto","background-attachment":"scroll","background-type":"","background-media":"","overlay-type":"","overlay-color":"","overlay-opacity":"","overlay-gradient":""}},"footnotes":""},"class_list":["post-186","page","type-page","status-publish","hentry"],"_links":{"self":[{"href":"https:\/\/praisemachine.com\/es\/wp-json\/wp\/v2\/pages\/186","targetHints":{"allow":["GET"]}}],"collection":[{"href":"https:\/\/praisemachine.com\/es\/wp-json\/wp\/v2\/pages"}],"about":[{"href":"https:\/\/praisemachine.com\/es\/wp-json\/wp\/v2\/types\/page"}],"author":[{"embeddable":true,"href":"https:\/\/praisemachine.com\/es\/wp-json\/wp\/v2\/users\/1"}],"replies":[{"embeddable":true,"href":"https:\/\/praisemachine.com\/es\/wp-json\/wp\/v2\/comments?post=186"}],"version-history":[{"count":4,"href":"https:\/\/praisemachine.com\/es\/wp-json\/wp\/v2\/pages\/186\/revisions"}],"predecessor-version":[{"id":552,"href":"https:\/\/praisemachine.com\/es\/wp-json\/wp\/v2\/pages\/186\/revisions\/552"}],"wp:attachment":[{"href":"https:\/\/praisemachine.com\/es\/wp-json\/wp\/v2\/media?parent=186"}],"curies":[{"name":"wp","href":"https:\/\/api.w.org\/{rel}","templated":true}]}}