{"id":186,"date":"2026-04-06T01:00:54","date_gmt":"2026-04-06T01:00:54","guid":{"rendered":"https:\/\/kiitmismasin.ee\/?page_id=186"},"modified":"2026-04-15T12:49:11","modified_gmt":"2026-04-15T12:49:11","slug":"tarinamme","status":"publish","type":"page","link":"https:\/\/praisemachine.com\/fi\/meie-lugu\/","title":{"rendered":"Tarinamme"},"content":{"rendered":"<p>Kaikki ihmiset tarvitsevat huomiota ja tunnustusta. Mutta jotkut tarvitsevat sit\u00e4 enemm\u00e4n. Ja jos he kokevat, ett\u00e4 muut eiv\u00e4t anna heille tarpeeksi tunnustusta, heid\u00e4n on itse otettava teht\u00e4v\u00e4kseen kehua ja moittia itse\u00e4\u00e4n.<br><br>Ymp\u00e4rill\u00e4mme on paljon t\u00e4llaisia ihmisi\u00e4 (voisi jopa sanoa, ett\u00e4 valtaosa), sek\u00e4 tosiel\u00e4m\u00e4ss\u00e4 ett\u00e4 sosiaalisessa mediassa. Joillakin se voi olla jopa niin pahaa, etteiv\u00e4t he edes huomaa muita - ja tutkimusten mukaan t\u00e4m\u00e4 on maailmanlaajuisesti kasvava trendi.<br><br>S\u00e4\u00e4limme n\u00e4it\u00e4 ihmisi\u00e4, ja er\u00e4\u00e4n\u00e4 p\u00e4iv\u00e4n\u00e4 p\u00e4\u00e4timme tulla heid\u00e4n avukseen.<br><br><strong>Ja niin syntyi Praise Machine - ambulanssi niille, jotka kaipaavat tunnustusta, k\u00e4rsiv\u00e4t huomaamattomuuden fobiasta tai pelk\u00e4\u00e4v\u00e4t, ett\u00e4 maailma j\u00e4\u00e4 ilman heit\u00e4.<\/strong><br><br>Teht\u00e4v\u00e4mme on yksinkertainen: tarjota ammattimaista ja t\u00e4sm\u00e4llist\u00e4 \u201ckiitosta\u201d tilanteissa, joissa tavallinen \u201ctykk\u00e4\u00e4minen\u201d ei riit\u00e4 tai ei en\u00e4\u00e4 nosta dopamiinitasoja riitt\u00e4v\u00e4sti.<br><br>Jos joku tuttavasi k\u00e4rsii tarkkaamattomuuden oireista ja tarvitsee kiireellist\u00e4 apua, ojenna auttava k\u00e4tesi ja k\u00e4yt\u00e4 Praise Machinea. Tarvitaan niin v\u00e4h\u00e4n tehd\u00e4ksesi hyv\u00e4\u00e4 ihmisille.<br><br><strong>Vilpitt\u00f6m\u00e4t kiitokset kaikille niille hyville ihmisille, jotka auttavat niit\u00e4, jotka jo huomaavat itsens\u00e4!<\/strong><br><br><strong>P.S.<\/strong> Neuvottelemme parhaillaan sosiaali-, terveys-, valtiovarain- ja kulttuuriministeri\u00f6iden sek\u00e4 muiden ministeri\u00f6iden kanssa, jotka n\u00e4kev\u00e4t Kiitmismachinen valtavat mahdollisuudet parantaa ihmisten terveytt\u00e4 ja hyvinvointia.<br><br>Suunnitelmissa on alkaa jakaa palkintoja kuukauden ja viikon parhaille lahjoittajille, jotta sek\u00e4 lahjoittaja ett\u00e4 vastaanottaja saavat tunnustusta laajemmalta yleis\u00f6lt\u00e4.<br><br><strong>Praise Machinen ylil\u00e4\u00e4k\u00e4ri ottaa mahdollisuuksien mukaan henkil\u00f6kohtaisesti yhteytt\u00e4 voittajiin.<\/strong><\/p>\n\n\n\n<p><\/p>","protected":false},"excerpt":{"rendered":"<p>K\u00f5ik inimesed vajavad t\u00e4helepanu ja tunnustust. M\u00f5ned inimesed aga vajavad seda rohkem. Ja kui nad tunnevad, et teised ei saa [&hellip;]<\/p>\n","protected":false},"author":1,"featured_media":0,"parent":0,"menu_order":0,"comment_status":"closed","ping_status":"closed","template":"","meta":{"site-sidebar-layout":"default","site-content-layout":"","ast-site-content-layout":"default","site-content-style":"default","site-sidebar-style":"default","ast-global-header-display":"","ast-banner-title-visibility":"","ast-main-header-display":"","ast-hfb-above-header-display":"","ast-hfb-below-header-display":"","ast-hfb-mobile-header-display":"","site-post-title":"","ast-breadcrumbs-content":"","ast-featured-img":"","footer-sml-layout":"","ast-disable-related-posts":"","theme-transparent-header-meta":"","adv-header-id-meta":"","stick-header-meta":"","header-above-stick-meta":"","header-main-stick-meta":"","header-below-stick-meta":"","astra-migrate-meta-layouts":"default","ast-page-background-enabled":"default","ast-page-background-meta":{"desktop":{"background-color":"var(--ast-global-color-5)","background-image":"","background-repeat":"repeat","background-position":"center center","background-size":"auto","background-attachment":"scroll","background-type":"","background-media":"","overlay-type":"","overlay-color":"","overlay-opacity":"","overlay-gradient":""},"tablet":{"background-color":"","background-image":"","background-repeat":"repeat","background-position":"center center","background-size":"auto","background-attachment":"scroll","background-type":"","background-media":"","overlay-type":"","overlay-color":"","overlay-opacity":"","overlay-gradient":""},"mobile":{"background-color":"","background-image":"","background-repeat":"repeat","background-position":"center center","background-size":"auto","background-attachment":"scroll","background-type":"","background-media":"","overlay-type":"","overlay-color":"","overlay-opacity":"","overlay-gradient":""}},"ast-content-background-meta":{"desktop":{"background-color":"var(--ast-global-color-4)","background-image":"","background-repeat":"repeat","background-position":"center center","background-size":"auto","background-attachment":"scroll","background-type":"","background-media":"","overlay-type":"","overlay-color":"","overlay-opacity":"","overlay-gradient":""},"tablet":{"background-color":"var(--ast-global-color-4)","background-image":"","background-repeat":"repeat","background-position":"center center","background-size":"auto","background-attachment":"scroll","background-type":"","background-media":"","overlay-type":"","overlay-color":"","overlay-opacity":"","overlay-gradient":""},"mobile":{"background-color":"var(--ast-global-color-4)","background-image":"","background-repeat":"repeat","background-position":"center center","background-size":"auto","background-attachment":"scroll","background-type":"","background-media":"","overlay-type":"","overlay-color":"","overlay-opacity":"","overlay-gradient":""}},"footnotes":""},"class_list":["post-186","page","type-page","status-publish","hentry"],"_links":{"self":[{"href":"https:\/\/praisemachine.com\/fi\/wp-json\/wp\/v2\/pages\/186","targetHints":{"allow":["GET"]}}],"collection":[{"href":"https:\/\/praisemachine.com\/fi\/wp-json\/wp\/v2\/pages"}],"about":[{"href":"https:\/\/praisemachine.com\/fi\/wp-json\/wp\/v2\/types\/page"}],"author":[{"embeddable":true,"href":"https:\/\/praisemachine.com\/fi\/wp-json\/wp\/v2\/users\/1"}],"replies":[{"embeddable":true,"href":"https:\/\/praisemachine.com\/fi\/wp-json\/wp\/v2\/comments?post=186"}],"version-history":[{"count":4,"href":"https:\/\/praisemachine.com\/fi\/wp-json\/wp\/v2\/pages\/186\/revisions"}],"predecessor-version":[{"id":552,"href":"https:\/\/praisemachine.com\/fi\/wp-json\/wp\/v2\/pages\/186\/revisions\/552"}],"wp:attachment":[{"href":"https:\/\/praisemachine.com\/fi\/wp-json\/wp\/v2\/media?parent=186"}],"curies":[{"name":"wp","href":"https:\/\/api.w.org\/{rel}","templated":true}]}}