{"id":3,"date":"2026-02-12T10:42:31","date_gmt":"2026-02-12T10:42:31","guid":{"rendered":"https:\/\/kiitmismasin.ee\/?page_id=3"},"modified":"2026-04-15T18:54:37","modified_gmt":"2026-04-15T18:54:37","slug":"tietosuojakaytanto","status":"publish","type":"page","link":"https:\/\/praisemachine.com\/fi\/privacy-policy\/","title":{"rendered":"K\u00e4ytt\u00f6ehdot"},"content":{"rendered":"<p><\/p>\n\n\n\n<ol class=\"wp-block-list\">\n<li class=\"translation-block\"><strong>Sopimus<\/strong> K\u00e4ytt\u00e4m\u00e4ll\u00e4 t\u00e4t\u00e4 verkkosivustoa hyv\u00e4ksyt n\u00e4m\u00e4 ehdot. Jos et hyv\u00e4ksy, voit sulkea sen arvokkaasti ja tehd\u00e4 jotain mielest\u00e4si parempaa.<\/li>\n\n\n\n<li><strong>Palvelun tarkoitus<\/strong> PraiseMachine on viihdealusta, jonka tarkoituksena on humoristisesti heijastaa sosiaalisen median ilmi\u00f6it\u00e4. Joskus tyylikk\u00e4\u00e4sti, joskus hieman hullusti. Se on suunniteltu viihteeksi, ei terapiaa, oikeudellista neuvontaa tai el\u00e4m\u00e4nohjausta varten.<\/li>\n\n\n\n<li><strong>K\u00e4ytt\u00e4jien k\u00e4ytt\u00e4ytyminen ja hyv\u00e4t k\u00e4yt\u00e4nn\u00f6t<\/strong> Ylistyskoneisto on suunniteltu pilkkaamaan ilmi\u00f6it\u00e4, ei ihmisi\u00e4. K\u00e4ytt\u00e4m\u00e4ll\u00e4 palvelua hyv\u00e4ksyt:<\/li>\n<\/ol>\n\n\n\n<ul class=\"wp-block-list\">\n<li>Keskity toimintaan: Voit kommentoida ja pohtia henkil\u00f6n julkisia toimia, asenteita, postitustyyli\u00e4 tai tiettyj\u00e4 lausuntoja.<\/li>\n\n\n\n<li>Henkil\u00f6kohtainen koskemattomuus: on ehdottomasti kielletty\u00e4 k\u00e4ytt\u00e4\u00e4 tuotettuja tekstej\u00e4 hy\u00f6k\u00e4t\u00e4 henkil\u00f6\u00e4 vastaan h\u00e4nen rotunsa, sukupuolensa, terveytens\u00e4, uskontonsa tai muiden vastaavien ominaisuuksiensa perusteella.<\/li>\n\n\n\n<li>\u00c4l\u00e4 loukkaa: Kehotamme k\u00e4ytt\u00e4ji\u00e4 olemaan ep\u00e4kohteliaita tai loukkaavia. \u00c4l\u00e4 rohkaise k\u00e4ytt\u00e4ji\u00e4 olemaan ep\u00e4miellytt\u00e4vi\u00e4 tai lannista k\u00e4ytt\u00e4ji\u00e4 kiusaamisesta.<\/li>\n<\/ul>\n\n\n\n<ol start=\"4\" class=\"wp-block-list\">\n<li><strong>K\u00e4ytt\u00e4j\u00e4n vastuu<\/strong> Ylistysmoottori tarjoaa tekstin\/kuvan luontity\u00f6kalun. Kaikki vastuu luodun tekstin\/kuvan k\u00e4yt\u00f6st\u00e4, l\u00e4hett\u00e4misest\u00e4 ja sen seurauksista on t\u00e4ysin k\u00e4ytt\u00e4j\u00e4ll\u00e4. Palveluntarjoaja ei voi vaikuttaa siihen, miss\u00e4 tai miten luodut tekstit jaetaan, eik\u00e4 se ota vastuuta mahdollisista riidoista, jotka voivat aiheutua tekstin julkaisemisesta kolmansien osapuolten alustoilla (Facebook, Instagram, LinkedIn jne.).<\/li>\n\n\n\n<li><strong>Immateriaalioikeudet<\/strong> Sivuston koodi, ulkoasu ja yleinen omaper\u00e4isyys kuuluvat omistajalle. Voit pit\u00e4\u00e4, jakaa tai liev\u00e4sti nolostuneena poistaa syntyneet kiitokset - edellytt\u00e4en, ett\u00e4 noudatat edell\u00e4 mainittuja parhaita k\u00e4yt\u00e4nt\u00f6j\u00e4 koskevia ohjeita.<\/li>\n\n\n\n<li><strong>Vastuun rajoittaminen<\/strong> Emme ole vastuussa:<\/li>\n<\/ol>\n\n\n\n<ul class=\"wp-block-list\">\n<li>\u00e4killinen itseluottamuksen lis\u00e4\u00e4ntyminen<\/li>\n\n\n\n<li>Kiitosten liiallisen jakamisen aiheuttamat kiusalliset sosiaaliset tilanteet.<\/li>\n\n\n\n<li>yst\u00e4vien mielest\u00e4 sinusta on tullut \u201cliian \u00e4lyk\u00e4s\u201d.<\/li>\n\n\n\n<li>kaikille T-paidoille, joihin tulostat tuottamasi tekstin. <br>Palvelu tarjotaan \u201csellaisena kuin se on\u201d, ilman mit\u00e4\u00e4n takeita tarkkuudesta, vakaudesta tai kosmisesta kohdentumisesta.<\/li>\n<\/ul>\n\n\n\n<ol start=\"7\" class=\"wp-block-list\">\n<li><strong>Ehtojen ja edellytysten muuttaminen<\/strong> Voimme uusia n\u00e4m\u00e4 ehdot milloin tahansa. Voit teeskennell\u00e4 lukevasi p\u00e4ivitykset. El\u00e4m\u00e4 jatkuu.<\/li>\n\n\n\n<li><strong>Sovellettava laki<\/strong> N\u00e4ihin ehtoihin sovelletaan Viron lakia, ellei sovellettavissa s\u00e4\u00e4nn\u00f6iss\u00e4 toisin m\u00e4\u00e4r\u00e4t\u00e4.<\/li>\n<\/ol>\n\n\n\n<p><\/p>","protected":false},"excerpt":{"rendered":"","protected":false},"author":1,"featured_media":0,"parent":0,"menu_order":0,"comment_status":"closed","ping_status":"closed","template":"","meta":{"site-sidebar-layout":"default","site-content-layout":"","ast-site-content-layout":"default","site-content-style":"default","site-sidebar-style":"default","ast-global-header-display":"","ast-banner-title-visibility":"","ast-main-header-display":"","ast-hfb-above-header-display":"","ast-hfb-below-header-display":"","ast-hfb-mobile-header-display":"","site-post-title":"","ast-breadcrumbs-content":"","ast-featured-img":"","footer-sml-layout":"","ast-disable-related-posts":"","theme-transparent-header-meta":"","adv-header-id-meta":"","stick-header-meta":"","header-above-stick-meta":"","header-main-stick-meta":"","header-below-stick-meta":"","astra-migrate-meta-layouts":"default","ast-page-background-enabled":"default","ast-page-background-meta":{"desktop":{"background-color":"var(--ast-global-color-5)","background-image":"","background-repeat":"repeat","background-position":"center center","background-size":"auto","background-attachment":"scroll","background-type":"","background-media":"","overlay-type":"","overlay-color":"","overlay-opacity":"","overlay-gradient":""},"tablet":{"background-color":"","background-image":"","background-repeat":"repeat","background-position":"center center","background-size":"auto","background-attachment":"scroll","background-type":"","background-media":"","overlay-type":"","overlay-color":"","overlay-opacity":"","overlay-gradient":""},"mobile":{"background-color":"","background-image":"","background-repeat":"repeat","background-position":"center center","background-size":"auto","background-attachment":"scroll","background-type":"","background-media":"","overlay-type":"","overlay-color":"","overlay-opacity":"","overlay-gradient":""}},"ast-content-background-meta":{"desktop":{"background-color":"var(--ast-global-color-4)","background-image":"","background-repeat":"repeat","background-position":"center center","background-size":"auto","background-attachment":"scroll","background-type":"","background-media":"","overlay-type":"","overlay-color":"","overlay-opacity":"","overlay-gradient":""},"tablet":{"background-color":"var(--ast-global-color-4)","background-image":"","background-repeat":"repeat","background-position":"center center","background-size":"auto","background-attachment":"scroll","background-type":"","background-media":"","overlay-type":"","overlay-color":"","overlay-opacity":"","overlay-gradient":""},"mobile":{"background-color":"var(--ast-global-color-4)","background-image":"","background-repeat":"repeat","background-position":"center center","background-size":"auto","background-attachment":"scroll","background-type":"","background-media":"","overlay-type":"","overlay-color":"","overlay-opacity":"","overlay-gradient":""}},"footnotes":""},"class_list":["post-3","page","type-page","status-publish","hentry"],"_links":{"self":[{"href":"https:\/\/praisemachine.com\/fi\/wp-json\/wp\/v2\/pages\/3","targetHints":{"allow":["GET"]}}],"collection":[{"href":"https:\/\/praisemachine.com\/fi\/wp-json\/wp\/v2\/pages"}],"about":[{"href":"https:\/\/praisemachine.com\/fi\/wp-json\/wp\/v2\/types\/page"}],"author":[{"embeddable":true,"href":"https:\/\/praisemachine.com\/fi\/wp-json\/wp\/v2\/users\/1"}],"replies":[{"embeddable":true,"href":"https:\/\/praisemachine.com\/fi\/wp-json\/wp\/v2\/comments?post=3"}],"version-history":[{"count":5,"href":"https:\/\/praisemachine.com\/fi\/wp-json\/wp\/v2\/pages\/3\/revisions"}],"predecessor-version":[{"id":565,"href":"https:\/\/praisemachine.com\/fi\/wp-json\/wp\/v2\/pages\/3\/revisions\/565"}],"wp:attachment":[{"href":"https:\/\/praisemachine.com\/fi\/wp-json\/wp\/v2\/media?parent=3"}],"curies":[{"name":"wp","href":"https:\/\/api.w.org\/{rel}","templated":true}]}}