{"id":473,"date":"2026-04-08T12:52:20","date_gmt":"2026-04-08T12:52:20","guid":{"rendered":"https:\/\/kiitmismasin.ee\/?page_id=473"},"modified":"2026-04-08T12:53:40","modified_gmt":"2026-04-08T12:53:40","slug":"nadalan-paras","status":"publish","type":"page","link":"https:\/\/praisemachine.com\/fi\/nadala-parimad\/","title":{"rendered":"Viikon parhaat"},"content":{"rendered":"<p>Valitse suosikkisi! <br><br>Parhaat kommentit osallistuvat kilpailuun, mutta hyv\u00e4 kommentti perustuu aina lahjakkaaseen postaukseen. Asiantuntijapaneelimme valitsee viikoittain parhaat ehdokkaat, ja fanit voivat antaa suosikilleen vauhtia matkalla kohti mainetta. <br><br>Kommenttia voi \u00e4\u00e4nest\u00e4\u00e4 parhaasta otsikosta useiden viikkojen ajan, ja tulevaisuudessa on mahdollista ansaita valtavia summia rahaa sponsoreiltamme. <br><br>Toivotamme kaikille onnea!<\/p>\n\n\n<div id=\"polls-2\" class=\"wp-polls\">\n\t\t<p style=\"text-align: center\"><strong>Viikon paras kommentti<\/strong><\/p><div id=\"polls-2-ans\" class=\"wp-polls-ans\"><ul class=\"wp-polls-ul\">\n\t\t<li>Ehdokas 1 <small>(0%, 0 \u00e4\u00e4nt\u00e4)<\/small><div class=\"pollbar\" style=\"width: 1%\" title=\"Ehdokas 1 (0% | 0 \u00e4\u00e4nt\u00e4)\"><\/div><\/li>\n\t\t<li>Ehdokas 2 <small>(0%, 0 \u00e4\u00e4nt\u00e4)<\/small><div class=\"pollbar\" style=\"width: 1%\" title=\"Ehdokas 2 (0% | 0 \u00e4\u00e4nt\u00e4)\"><\/div><\/li>\n\t\t<li>Ehdokas 3 <small>(0%, 0 \u00e4\u00e4nt\u00e4)<\/small><div class=\"pollbar\" style=\"width: 1%\" title=\"Ehdokas 3 (0% | 0 \u00e4\u00e4nt\u00e4)\"><\/div><\/li>\n\t\t<\/ul><p style=\"text-align: center\">\u00c4\u00e4nest\u00e4jien kokonaism\u00e4\u00e4r\u00e4: <strong>0<\/strong><\/p><\/div>\n\t\t<input type=\"hidden\" id=\"poll_2_nonce\" name=\"wp-polls-nonce\" value=\"122e206b7c\" \/>\n<\/div>\n<div id=\"polls-2-loading\" class=\"wp-polls-loading\"><img loading=\"lazy\" decoding=\"async\" src=\"https:\/\/praisemachine.com\/wp-content\/plugins\/wp-polls\/images\/loading.gif\" width=\"16\" height=\"16\" alt=\"Loading ...\" title=\"Loading ...\" class=\"wp-polls-image\" \/>&nbsp;Loading ...<\/div>","protected":false},"excerpt":{"rendered":"<p>Vali oma lemmik! Kuigi v\u00f5istlustulle astuvad parimad kommentaarid, siis hea kommentaari eelduseks on alati andekas postitus. Meie ekspertkomisjon hakkab valima [&hellip;]<\/p>\n","protected":false},"author":1,"featured_media":0,"parent":0,"menu_order":0,"comment_status":"closed","ping_status":"closed","template":"","meta":{"site-sidebar-layout":"default","site-content-layout":"","ast-site-content-layout":"default","site-content-style":"default","site-sidebar-style":"default","ast-global-header-display":"","ast-banner-title-visibility":"","ast-main-header-display":"","ast-hfb-above-header-display":"","ast-hfb-below-header-display":"","ast-hfb-mobile-header-display":"","site-post-title":"","ast-breadcrumbs-content":"","ast-featured-img":"","footer-sml-layout":"","ast-disable-related-posts":"","theme-transparent-header-meta":"","adv-header-id-meta":"","stick-header-meta":"","header-above-stick-meta":"","header-main-stick-meta":"","header-below-stick-meta":"","astra-migrate-meta-layouts":"default","ast-page-background-enabled":"default","ast-page-background-meta":{"desktop":{"background-color":"var(--ast-global-color-5)","background-image":"","background-repeat":"repeat","background-position":"center center","background-size":"auto","background-attachment":"scroll","background-type":"","background-media":"","overlay-type":"","overlay-color":"","overlay-opacity":"","overlay-gradient":""},"tablet":{"background-color":"","background-image":"","background-repeat":"repeat","background-position":"center center","background-size":"auto","background-attachment":"scroll","background-type":"","background-media":"","overlay-type":"","overlay-color":"","overlay-opacity":"","overlay-gradient":""},"mobile":{"background-color":"","background-image":"","background-repeat":"repeat","background-position":"center center","background-size":"auto","background-attachment":"scroll","background-type":"","background-media":"","overlay-type":"","overlay-color":"","overlay-opacity":"","overlay-gradient":""}},"ast-content-background-meta":{"desktop":{"background-color":"var(--ast-global-color-4)","background-image":"","background-repeat":"repeat","background-position":"center center","background-size":"auto","background-attachment":"scroll","background-type":"","background-media":"","overlay-type":"","overlay-color":"","overlay-opacity":"","overlay-gradient":""},"tablet":{"background-color":"var(--ast-global-color-4)","background-image":"","background-repeat":"repeat","background-position":"center center","background-size":"auto","background-attachment":"scroll","background-type":"","background-media":"","overlay-type":"","overlay-color":"","overlay-opacity":"","overlay-gradient":""},"mobile":{"background-color":"var(--ast-global-color-4)","background-image":"","background-repeat":"repeat","background-position":"center center","background-size":"auto","background-attachment":"scroll","background-type":"","background-media":"","overlay-type":"","overlay-color":"","overlay-opacity":"","overlay-gradient":""}},"footnotes":""},"class_list":["post-473","page","type-page","status-publish","hentry"],"_links":{"self":[{"href":"https:\/\/praisemachine.com\/fi\/wp-json\/wp\/v2\/pages\/473","targetHints":{"allow":["GET"]}}],"collection":[{"href":"https:\/\/praisemachine.com\/fi\/wp-json\/wp\/v2\/pages"}],"about":[{"href":"https:\/\/praisemachine.com\/fi\/wp-json\/wp\/v2\/types\/page"}],"author":[{"embeddable":true,"href":"https:\/\/praisemachine.com\/fi\/wp-json\/wp\/v2\/users\/1"}],"replies":[{"embeddable":true,"href":"https:\/\/praisemachine.com\/fi\/wp-json\/wp\/v2\/comments?post=473"}],"version-history":[{"count":2,"href":"https:\/\/praisemachine.com\/fi\/wp-json\/wp\/v2\/pages\/473\/revisions"}],"predecessor-version":[{"id":475,"href":"https:\/\/praisemachine.com\/fi\/wp-json\/wp\/v2\/pages\/473\/revisions\/475"}],"wp:attachment":[{"href":"https:\/\/praisemachine.com\/fi\/wp-json\/wp\/v2\/media?parent=473"}],"curies":[{"name":"wp","href":"https:\/\/api.w.org\/{rel}","templated":true}]}}