{"id":542,"date":"2026-04-14T19:02:38","date_gmt":"2026-04-14T19:02:38","guid":{"rendered":"https:\/\/kiitmismasin.ee\/?page_id=542"},"modified":"2026-04-16T11:44:44","modified_gmt":"2026-04-16T11:44:44","slug":"naited","status":"publish","type":"page","link":"https:\/\/praisemachine.com\/fi\/naited\/","title":{"rendered":"Esimerkkej\u00e4"},"content":{"rendered":"<p>Kehukone on ty\u00f6kalu, joka auttaa ihmisi\u00e4 kolmella tavalla:<\/p>\n\n\n\n<ol class=\"wp-block-list\">\n<li><strong>Kommentoi sosiaalisen median viesti\u00e4<\/strong> - tuottaa v\u00e4litt\u00f6m\u00e4sti huvittavan ja hauskan kommentin, jossa k\u00e4ytet\u00e4\u00e4n tilaisuutta loukata viestin kirjoittajaa.<\/li>\n\n\n\n<li><strong>Vibe check<\/strong> - Analysoi kriittisesti sosiaalisen median viesti\u00e4 ja antaa tietoa siit\u00e4, miten sit\u00e4 voidaan tulkita - ja antaa ehdotuksia sen parantamiseksi.<\/li>\n\n\n\n<li class=\"translation-block\"><strong>Ylist\u00e4\u00e4 yst\u00e4v\u00e4\u00e4<\/strong> - Kirjoita sy\u00f6tt\u00e4miesi avainsanojen (nimi, ik\u00e4, tapahtuma, ammatti jne.) perusteella hauska onnittelu tai kohteliaisuus novellin, runon, diplomin tai karikatyyrin muodossa.<\/li>\n<\/ol>\n\n\n\n<p>Seuraavassa on joitakin esimerkkej\u00e4 - sy\u00f6tteet ja tuotokset - jotka osoittavat, miten n\u00e4m\u00e4 ratkaisut toimivat.<\/p>\n\n\n\n<p><\/p>","protected":false},"excerpt":{"rendered":"<p>Kiitmismasin on t\u00f6\u00f6riist, mis aitab inimesi kolmel viisil: Allpool m\u00f5ned n\u00e4ited \u2013 sisend ja v\u00e4ljund \u2013 et n\u00e4eksid t\u00e4pselt, kuidas [&hellip;]<\/p>\n","protected":false},"author":1,"featured_media":0,"parent":0,"menu_order":0,"comment_status":"closed","ping_status":"closed","template":"","meta":{"site-sidebar-layout":"default","site-content-layout":"","ast-site-content-layout":"default","site-content-style":"default","site-sidebar-style":"default","ast-global-header-display":"","ast-banner-title-visibility":"","ast-main-header-display":"","ast-hfb-above-header-display":"","ast-hfb-below-header-display":"","ast-hfb-mobile-header-display":"","site-post-title":"","ast-breadcrumbs-content":"","ast-featured-img":"","footer-sml-layout":"","ast-disable-related-posts":"","theme-transparent-header-meta":"","adv-header-id-meta":"","stick-header-meta":"","header-above-stick-meta":"","header-main-stick-meta":"","header-below-stick-meta":"","astra-migrate-meta-layouts":"default","ast-page-background-enabled":"default","ast-page-background-meta":{"desktop":{"background-color":"var(--ast-global-color-5)","background-image":"","background-repeat":"repeat","background-position":"center center","background-size":"auto","background-attachment":"scroll","background-type":"","background-media":"","overlay-type":"","overlay-color":"","overlay-opacity":"","overlay-gradient":""},"tablet":{"background-color":"","background-image":"","background-repeat":"repeat","background-position":"center center","background-size":"auto","background-attachment":"scroll","background-type":"","background-media":"","overlay-type":"","overlay-color":"","overlay-opacity":"","overlay-gradient":""},"mobile":{"background-color":"","background-image":"","background-repeat":"repeat","background-position":"center center","background-size":"auto","background-attachment":"scroll","background-type":"","background-media":"","overlay-type":"","overlay-color":"","overlay-opacity":"","overlay-gradient":""}},"ast-content-background-meta":{"desktop":{"background-color":"var(--ast-global-color-4)","background-image":"","background-repeat":"repeat","background-position":"center center","background-size":"auto","background-attachment":"scroll","background-type":"","background-media":"","overlay-type":"","overlay-color":"","overlay-opacity":"","overlay-gradient":""},"tablet":{"background-color":"var(--ast-global-color-4)","background-image":"","background-repeat":"repeat","background-position":"center center","background-size":"auto","background-attachment":"scroll","background-type":"","background-media":"","overlay-type":"","overlay-color":"","overlay-opacity":"","overlay-gradient":""},"mobile":{"background-color":"var(--ast-global-color-4)","background-image":"","background-repeat":"repeat","background-position":"center center","background-size":"auto","background-attachment":"scroll","background-type":"","background-media":"","overlay-type":"","overlay-color":"","overlay-opacity":"","overlay-gradient":""}},"footnotes":""},"class_list":["post-542","page","type-page","status-publish","hentry"],"_links":{"self":[{"href":"https:\/\/praisemachine.com\/fi\/wp-json\/wp\/v2\/pages\/542","targetHints":{"allow":["GET"]}}],"collection":[{"href":"https:\/\/praisemachine.com\/fi\/wp-json\/wp\/v2\/pages"}],"about":[{"href":"https:\/\/praisemachine.com\/fi\/wp-json\/wp\/v2\/types\/page"}],"author":[{"embeddable":true,"href":"https:\/\/praisemachine.com\/fi\/wp-json\/wp\/v2\/users\/1"}],"replies":[{"embeddable":true,"href":"https:\/\/praisemachine.com\/fi\/wp-json\/wp\/v2\/comments?post=542"}],"version-history":[{"count":3,"href":"https:\/\/praisemachine.com\/fi\/wp-json\/wp\/v2\/pages\/542\/revisions"}],"predecessor-version":[{"id":571,"href":"https:\/\/praisemachine.com\/fi\/wp-json\/wp\/v2\/pages\/542\/revisions\/571"}],"wp:attachment":[{"href":"https:\/\/praisemachine.com\/fi\/wp-json\/wp\/v2\/media?parent=542"}],"curies":[{"name":"wp","href":"https:\/\/api.w.org\/{rel}","templated":true}]}}