{"id":186,"date":"2026-04-06T01:00:54","date_gmt":"2026-04-06T01:00:54","guid":{"rendered":"https:\/\/kiitmismasin.ee\/?page_id=186"},"modified":"2026-04-15T12:49:11","modified_gmt":"2026-04-15T12:49:11","slug":"notre-histoire","status":"publish","type":"page","link":"https:\/\/praisemachine.com\/fr\/meie-lugu\/","title":{"rendered":"\u00c0 propos"},"content":{"rendered":"<p>Tout le monde a besoin d'attention et de reconnaissance. Mais certaines personnes en ont davantage besoin. Et si elles ont l'impression que les autres ne font pas assez bien leur travail de reconnaissance, elles doivent se charger de se f\u00e9liciter et de se r\u00e9primander elles-m\u00eames.<br><br>Il y a beaucoup de gens comme \u00e7a autour de nous (on pourrait m\u00eame dire la grande majorit\u00e9), \u00e0 la fois dans la vie r\u00e9elle et sur les m\u00e9dias sociaux. Pour certains, cela peut m\u00eame \u00eatre si grave qu'ils ne peuvent m\u00eame pas remarquer les autres - et des \u00e9tudes ont montr\u00e9 qu'il s'agit d'une tendance croissante dans le monde entier.<br><br>Nous avons eu de la peine pour ces personnes et un jour nous avons d\u00e9cid\u00e9 de leur venir en aide.<br><br><strong>C'est ainsi qu'est n\u00e9e la Praise Machine - une ambulance pour ceux qui ont soif de reconnaissance, qui souffrent de la phobie de passer inaper\u00e7us ou qui craignent que le monde passe \u00e0 c\u00f4t\u00e9 d'eux.<\/strong><br><br>Notre mission est simple : fournir des \u201c\u00e9loges\u201d professionnels et pr\u00e9cis dans des situations o\u00f9 le \u201clike\u201d habituel ne suffit pas ou n'augmente plus suffisamment les niveaux de dopamine.<br><br>Si vous connaissez quelqu'un qui souffre des sympt\u00f4mes de l'inattention et qui a besoin d'une intervention urgente, tendez-lui une main secourable et utilisez la machine \u00e0 saluer. Il suffit de peu de choses pour faire du bien aux gens.<br><br><strong>Nous remercions sinc\u00e8rement toutes les bonnes volont\u00e9s qui contribuent \u00e0 se faire remarquer par ceux qui se remarquent d\u00e9j\u00e0 !<\/strong><br><br><strong>P.S.<\/strong> Nous sommes en train de n\u00e9gocier avec les minist\u00e8res des affaires sociales, de la sant\u00e9, des finances, de la culture et d'autres qui consid\u00e8rent que la Kiitmismachine a un \u00e9norme potentiel pour am\u00e9liorer la sant\u00e9 et le bien-\u00eatre de la population.<br><br>L'objectif est de commencer \u00e0 d\u00e9cerner des prix aux meilleurs contributeurs du mois et de la semaine, afin que le donateur et le b\u00e9n\u00e9ficiaire puissent \u00eatre reconnus par un public plus large.<br><br><strong>Dans la mesure du possible, les gagnants seront contact\u00e9s personnellement par le m\u00e9decin-chef du Praise Machine.<\/strong><\/p>\n\n\n\n<p><\/p>","protected":false},"excerpt":{"rendered":"<p>K\u00f5ik inimesed vajavad t\u00e4helepanu ja tunnustust. M\u00f5ned inimesed aga vajavad seda rohkem. Ja kui nad tunnevad, et teised ei saa [&hellip;]<\/p>\n","protected":false},"author":1,"featured_media":0,"parent":0,"menu_order":0,"comment_status":"closed","ping_status":"closed","template":"","meta":{"site-sidebar-layout":"default","site-content-layout":"","ast-site-content-layout":"default","site-content-style":"default","site-sidebar-style":"default","ast-global-header-display":"","ast-banner-title-visibility":"","ast-main-header-display":"","ast-hfb-above-header-display":"","ast-hfb-below-header-display":"","ast-hfb-mobile-header-display":"","site-post-title":"","ast-breadcrumbs-content":"","ast-featured-img":"","footer-sml-layout":"","ast-disable-related-posts":"","theme-transparent-header-meta":"","adv-header-id-meta":"","stick-header-meta":"","header-above-stick-meta":"","header-main-stick-meta":"","header-below-stick-meta":"","astra-migrate-meta-layouts":"default","ast-page-background-enabled":"default","ast-page-background-meta":{"desktop":{"background-color":"var(--ast-global-color-5)","background-image":"","background-repeat":"repeat","background-position":"center center","background-size":"auto","background-attachment":"scroll","background-type":"","background-media":"","overlay-type":"","overlay-color":"","overlay-opacity":"","overlay-gradient":""},"tablet":{"background-color":"","background-image":"","background-repeat":"repeat","background-position":"center center","background-size":"auto","background-attachment":"scroll","background-type":"","background-media":"","overlay-type":"","overlay-color":"","overlay-opacity":"","overlay-gradient":""},"mobile":{"background-color":"","background-image":"","background-repeat":"repeat","background-position":"center center","background-size":"auto","background-attachment":"scroll","background-type":"","background-media":"","overlay-type":"","overlay-color":"","overlay-opacity":"","overlay-gradient":""}},"ast-content-background-meta":{"desktop":{"background-color":"var(--ast-global-color-4)","background-image":"","background-repeat":"repeat","background-position":"center center","background-size":"auto","background-attachment":"scroll","background-type":"","background-media":"","overlay-type":"","overlay-color":"","overlay-opacity":"","overlay-gradient":""},"tablet":{"background-color":"var(--ast-global-color-4)","background-image":"","background-repeat":"repeat","background-position":"center center","background-size":"auto","background-attachment":"scroll","background-type":"","background-media":"","overlay-type":"","overlay-color":"","overlay-opacity":"","overlay-gradient":""},"mobile":{"background-color":"var(--ast-global-color-4)","background-image":"","background-repeat":"repeat","background-position":"center center","background-size":"auto","background-attachment":"scroll","background-type":"","background-media":"","overlay-type":"","overlay-color":"","overlay-opacity":"","overlay-gradient":""}},"footnotes":""},"class_list":["post-186","page","type-page","status-publish","hentry"],"_links":{"self":[{"href":"https:\/\/praisemachine.com\/fr\/wp-json\/wp\/v2\/pages\/186","targetHints":{"allow":["GET"]}}],"collection":[{"href":"https:\/\/praisemachine.com\/fr\/wp-json\/wp\/v2\/pages"}],"about":[{"href":"https:\/\/praisemachine.com\/fr\/wp-json\/wp\/v2\/types\/page"}],"author":[{"embeddable":true,"href":"https:\/\/praisemachine.com\/fr\/wp-json\/wp\/v2\/users\/1"}],"replies":[{"embeddable":true,"href":"https:\/\/praisemachine.com\/fr\/wp-json\/wp\/v2\/comments?post=186"}],"version-history":[{"count":4,"href":"https:\/\/praisemachine.com\/fr\/wp-json\/wp\/v2\/pages\/186\/revisions"}],"predecessor-version":[{"id":552,"href":"https:\/\/praisemachine.com\/fr\/wp-json\/wp\/v2\/pages\/186\/revisions\/552"}],"wp:attachment":[{"href":"https:\/\/praisemachine.com\/fr\/wp-json\/wp\/v2\/media?parent=186"}],"curies":[{"name":"wp","href":"https:\/\/api.w.org\/{rel}","templated":true}]}}