{"id":3,"date":"2026-02-12T10:42:31","date_gmt":"2026-02-12T10:42:31","guid":{"rendered":"https:\/\/kiitmismasin.ee\/?page_id=3"},"modified":"2026-04-15T18:54:37","modified_gmt":"2026-04-15T18:54:37","slug":"politique-de-confidentialite","status":"publish","type":"page","link":"https:\/\/praisemachine.com\/fr\/privacy-policy\/","title":{"rendered":"Conditions d'utilisation"},"content":{"rendered":"<p><\/p>\n\n\n\n<ol class=\"wp-block-list\">\n<li class=\"translation-block\"><strong>Accord<\/strong> En utilisant ce site web, vous acceptez les pr\u00e9sentes conditions. Si vous ne les acceptez pas, vous pouvez le fermer dignement et faire quelque chose que vous jugez meilleur.<\/li>\n\n\n\n<li><strong>Objectif du service<\/strong> PraiseMachine est une plateforme de divertissement con\u00e7ue pour refl\u00e9ter avec humour les ph\u00e9nom\u00e8nes des m\u00e9dias sociaux. Parfois \u00e9l\u00e9gante, parfois un peu folle. Il s'agit d'un divertissement et non d'une th\u00e9rapie, d'un conseil juridique ou d'un guide de vie.<\/li>\n\n\n\n<li><strong>Comportement des utilisateurs et bonnes pratiques<\/strong> La machine \u00e0 faire des louanges est con\u00e7ue pour ridiculiser les ph\u00e9nom\u00e8nes, pas les personnes. En utilisant le service, vous acceptez de :<\/li>\n<\/ol>\n\n\n\n<ul class=\"wp-block-list\">\n<li>Se concentrer sur l'action : Vous pouvez commenter et r\u00e9fl\u00e9chir aux actions publiques d'une personne, \u00e0 ses attitudes, \u00e0 son style d'affichage ou \u00e0 des d\u00e9clarations sp\u00e9cifiques.<\/li>\n\n\n\n<li>Int\u00e9grit\u00e9 personnelle : il est strictement interdit d'utiliser les textes g\u00e9n\u00e9r\u00e9s pour attaquer une personne sur la base de sa race, de son sexe, de son \u00e9tat de sant\u00e9, de sa religion ou d'autres caract\u00e9ristiques similaires.<\/li>\n\n\n\n<li>Ne pas offenser : Nous conseillons vivement aux utilisateurs de ne pas \u00eatre grossiers ou offensants. N'encouragez pas les utilisateurs \u00e0 \u00eatre peu attrayants ou \u00e0 vous intimider.<\/li>\n<\/ul>\n\n\n\n<ol start=\"4\" class=\"wp-block-list\">\n<li><strong>Responsabilit\u00e9 de l'utilisateur<\/strong> Le moteur de louange fournit un outil de g\u00e9n\u00e9ration de texte\/image. L'utilisateur est enti\u00e8rement responsable de l'utilisation du texte\/de l'image g\u00e9n\u00e9r\u00e9(e), de sa publication et des cons\u00e9quences qui en d\u00e9coulent. Le fournisseur n'a aucun contr\u00f4le sur le lieu et la mani\u00e8re dont les textes g\u00e9n\u00e9r\u00e9s sont partag\u00e9s et d\u00e9cline toute responsabilit\u00e9 en cas de litiges pouvant r\u00e9sulter de la publication du texte sur des plateformes tierces (Facebook, Instagram, LinkedIn, etc.).<\/li>\n\n\n\n<li><strong>Propri\u00e9t\u00e9 intellectuelle<\/strong> Le code, la conception et l'originalit\u00e9 g\u00e9n\u00e9rale du site web appartiennent \u00e0 son propri\u00e9taire. Vous pouvez conserver, partager ou effacer les \u00e9loges qui en d\u00e9coulent avec une l\u00e9g\u00e8re g\u00eane, \u00e0 condition de respecter les bonnes pratiques d\u00e9crites ci-dessus.<\/li>\n\n\n\n<li><strong>Limitation de la responsabilit\u00e9<\/strong> Nous ne sommes pas responsables :<\/li>\n<\/ol>\n\n\n\n<ul class=\"wp-block-list\">\n<li>pour un regain de confiance soudain<\/li>\n\n\n\n<li>des situations sociales embarrassantes caus\u00e9es par un partage excessif des louanges.<\/li>\n\n\n\n<li>les amis pensent que vous \u00eates devenu \u201ctrop brillant\u201d<\/li>\n\n\n\n<li>pour tout T-shirt sur lequel vous imprimez le texte que vous g\u00e9n\u00e9rez. <br>Le service est propos\u00e9 \u201cen l'\u00e9tat\u201d, sans aucune garantie d'exactitude, de stabilit\u00e9 ou d'alignement cosmique.<\/li>\n<\/ul>\n\n\n\n<ol start=\"7\" class=\"wp-block-list\">\n<li><strong>Modification des termes et conditions<\/strong> Nous pouvons renouveler ces conditions \u00e0 tout moment. Vous pouvez faire semblant de lire les mises \u00e0 jour. La vie continue.<\/li>\n\n\n\n<li><strong>Droit applicable<\/strong> Les pr\u00e9sentes conditions sont r\u00e9gies par le droit estonien, \u00e0 moins que les r\u00e8gles applicables n'en disposent autrement.<\/li>\n<\/ol>\n\n\n\n<p><\/p>","protected":false},"excerpt":{"rendered":"","protected":false},"author":1,"featured_media":0,"parent":0,"menu_order":0,"comment_status":"closed","ping_status":"closed","template":"","meta":{"site-sidebar-layout":"default","site-content-layout":"","ast-site-content-layout":"default","site-content-style":"default","site-sidebar-style":"default","ast-global-header-display":"","ast-banner-title-visibility":"","ast-main-header-display":"","ast-hfb-above-header-display":"","ast-hfb-below-header-display":"","ast-hfb-mobile-header-display":"","site-post-title":"","ast-breadcrumbs-content":"","ast-featured-img":"","footer-sml-layout":"","ast-disable-related-posts":"","theme-transparent-header-meta":"","adv-header-id-meta":"","stick-header-meta":"","header-above-stick-meta":"","header-main-stick-meta":"","header-below-stick-meta":"","astra-migrate-meta-layouts":"default","ast-page-background-enabled":"default","ast-page-background-meta":{"desktop":{"background-color":"var(--ast-global-color-5)","background-image":"","background-repeat":"repeat","background-position":"center center","background-size":"auto","background-attachment":"scroll","background-type":"","background-media":"","overlay-type":"","overlay-color":"","overlay-opacity":"","overlay-gradient":""},"tablet":{"background-color":"","background-image":"","background-repeat":"repeat","background-position":"center center","background-size":"auto","background-attachment":"scroll","background-type":"","background-media":"","overlay-type":"","overlay-color":"","overlay-opacity":"","overlay-gradient":""},"mobile":{"background-color":"","background-image":"","background-repeat":"repeat","background-position":"center center","background-size":"auto","background-attachment":"scroll","background-type":"","background-media":"","overlay-type":"","overlay-color":"","overlay-opacity":"","overlay-gradient":""}},"ast-content-background-meta":{"desktop":{"background-color":"var(--ast-global-color-4)","background-image":"","background-repeat":"repeat","background-position":"center center","background-size":"auto","background-attachment":"scroll","background-type":"","background-media":"","overlay-type":"","overlay-color":"","overlay-opacity":"","overlay-gradient":""},"tablet":{"background-color":"var(--ast-global-color-4)","background-image":"","background-repeat":"repeat","background-position":"center center","background-size":"auto","background-attachment":"scroll","background-type":"","background-media":"","overlay-type":"","overlay-color":"","overlay-opacity":"","overlay-gradient":""},"mobile":{"background-color":"var(--ast-global-color-4)","background-image":"","background-repeat":"repeat","background-position":"center center","background-size":"auto","background-attachment":"scroll","background-type":"","background-media":"","overlay-type":"","overlay-color":"","overlay-opacity":"","overlay-gradient":""}},"footnotes":""},"class_list":["post-3","page","type-page","status-publish","hentry"],"_links":{"self":[{"href":"https:\/\/praisemachine.com\/fr\/wp-json\/wp\/v2\/pages\/3","targetHints":{"allow":["GET"]}}],"collection":[{"href":"https:\/\/praisemachine.com\/fr\/wp-json\/wp\/v2\/pages"}],"about":[{"href":"https:\/\/praisemachine.com\/fr\/wp-json\/wp\/v2\/types\/page"}],"author":[{"embeddable":true,"href":"https:\/\/praisemachine.com\/fr\/wp-json\/wp\/v2\/users\/1"}],"replies":[{"embeddable":true,"href":"https:\/\/praisemachine.com\/fr\/wp-json\/wp\/v2\/comments?post=3"}],"version-history":[{"count":5,"href":"https:\/\/praisemachine.com\/fr\/wp-json\/wp\/v2\/pages\/3\/revisions"}],"predecessor-version":[{"id":565,"href":"https:\/\/praisemachine.com\/fr\/wp-json\/wp\/v2\/pages\/3\/revisions\/565"}],"wp:attachment":[{"href":"https:\/\/praisemachine.com\/fr\/wp-json\/wp\/v2\/media?parent=3"}],"curies":[{"name":"wp","href":"https:\/\/api.w.org\/{rel}","templated":true}]}}