{"id":473,"date":"2026-04-08T12:52:20","date_gmt":"2026-04-08T12:52:20","guid":{"rendered":"https:\/\/kiitmismasin.ee\/?page_id=473"},"modified":"2026-04-08T12:53:40","modified_gmt":"2026-04-08T12:53:40","slug":"le-meilleur-de-nadala","status":"publish","type":"page","link":"https:\/\/praisemachine.com\/fr\/nadala-parimad\/","title":{"rendered":"Top semaine"},"content":{"rendered":"<p>Choisissez votre pr\u00e9f\u00e9r\u00e9 ! <br><br>Les meilleurs commentaires participeront au concours, mais un bon commentaire est toujours bas\u00e9 sur un article talentueux. Notre panel d'experts s\u00e9lectionnera les meilleurs candidats chaque semaine, et les fans pourront donner un coup de pouce \u00e0 leur favori sur la voie de la c\u00e9l\u00e9brit\u00e9. <br><br>Le commentaire peut \u00eatre vot\u00e9 pour le meilleur titre pendant plusieurs semaines et, \u00e0 l'avenir, il sera possible de gagner d'\u00e9normes sommes d'argent de la part de nos sponsors. <br><br>Nous souhaitons bonne chance \u00e0 tous !<\/p>\n\n\n<div id=\"polls-2\" class=\"wp-polls\">\n\t\t<p style=\"text-align: center\"><strong>Meilleur commentaire de la semaine<\/strong><\/p><div id=\"polls-2-ans\" class=\"wp-polls-ans\"><ul class=\"wp-polls-ul\">\n\t\t<li>Candidat 1 <small>(0%, 0 votes)<\/small><div class=\"pollbar\" style=\"width: 1%\" title=\"Candidat 1 (0% | 0 votes)\"><\/div><\/li>\n\t\t<li>Candidat 2 <small>(0%, 0 votes)<\/small><div class=\"pollbar\" style=\"width: 1%\" title=\"Candidat 2 (0% | 0 votes)\"><\/div><\/li>\n\t\t<li>Candidat 3 <small>(0%, 0 votes)<\/small><div class=\"pollbar\" style=\"width: 1%\" title=\"Candidat 3 (0% | 0 votes)\"><\/div><\/li>\n\t\t<\/ul><p style=\"text-align: center\">Total des votants : <strong>0<\/strong><\/p><\/div>\n\t\t<input type=\"hidden\" id=\"poll_2_nonce\" name=\"wp-polls-nonce\" value=\"122e206b7c\" \/>\n<\/div>\n<div id=\"polls-2-loading\" class=\"wp-polls-loading\"><img loading=\"lazy\" decoding=\"async\" src=\"https:\/\/praisemachine.com\/wp-content\/plugins\/wp-polls\/images\/loading.gif\" width=\"16\" height=\"16\" alt=\"Chargement ...\" title=\"Chargement ...\" class=\"wp-polls-image\" \/>&nbsp;Chargement ...<\/div>","protected":false},"excerpt":{"rendered":"<p>Vali oma lemmik! Kuigi v\u00f5istlustulle astuvad parimad kommentaarid, siis hea kommentaari eelduseks on alati andekas postitus. Meie ekspertkomisjon hakkab valima [&hellip;]<\/p>\n","protected":false},"author":1,"featured_media":0,"parent":0,"menu_order":0,"comment_status":"closed","ping_status":"closed","template":"","meta":{"site-sidebar-layout":"default","site-content-layout":"","ast-site-content-layout":"default","site-content-style":"default","site-sidebar-style":"default","ast-global-header-display":"","ast-banner-title-visibility":"","ast-main-header-display":"","ast-hfb-above-header-display":"","ast-hfb-below-header-display":"","ast-hfb-mobile-header-display":"","site-post-title":"","ast-breadcrumbs-content":"","ast-featured-img":"","footer-sml-layout":"","ast-disable-related-posts":"","theme-transparent-header-meta":"","adv-header-id-meta":"","stick-header-meta":"","header-above-stick-meta":"","header-main-stick-meta":"","header-below-stick-meta":"","astra-migrate-meta-layouts":"default","ast-page-background-enabled":"default","ast-page-background-meta":{"desktop":{"background-color":"var(--ast-global-color-5)","background-image":"","background-repeat":"repeat","background-position":"center center","background-size":"auto","background-attachment":"scroll","background-type":"","background-media":"","overlay-type":"","overlay-color":"","overlay-opacity":"","overlay-gradient":""},"tablet":{"background-color":"","background-image":"","background-repeat":"repeat","background-position":"center center","background-size":"auto","background-attachment":"scroll","background-type":"","background-media":"","overlay-type":"","overlay-color":"","overlay-opacity":"","overlay-gradient":""},"mobile":{"background-color":"","background-image":"","background-repeat":"repeat","background-position":"center center","background-size":"auto","background-attachment":"scroll","background-type":"","background-media":"","overlay-type":"","overlay-color":"","overlay-opacity":"","overlay-gradient":""}},"ast-content-background-meta":{"desktop":{"background-color":"var(--ast-global-color-4)","background-image":"","background-repeat":"repeat","background-position":"center center","background-size":"auto","background-attachment":"scroll","background-type":"","background-media":"","overlay-type":"","overlay-color":"","overlay-opacity":"","overlay-gradient":""},"tablet":{"background-color":"var(--ast-global-color-4)","background-image":"","background-repeat":"repeat","background-position":"center center","background-size":"auto","background-attachment":"scroll","background-type":"","background-media":"","overlay-type":"","overlay-color":"","overlay-opacity":"","overlay-gradient":""},"mobile":{"background-color":"var(--ast-global-color-4)","background-image":"","background-repeat":"repeat","background-position":"center center","background-size":"auto","background-attachment":"scroll","background-type":"","background-media":"","overlay-type":"","overlay-color":"","overlay-opacity":"","overlay-gradient":""}},"footnotes":""},"class_list":["post-473","page","type-page","status-publish","hentry"],"_links":{"self":[{"href":"https:\/\/praisemachine.com\/fr\/wp-json\/wp\/v2\/pages\/473","targetHints":{"allow":["GET"]}}],"collection":[{"href":"https:\/\/praisemachine.com\/fr\/wp-json\/wp\/v2\/pages"}],"about":[{"href":"https:\/\/praisemachine.com\/fr\/wp-json\/wp\/v2\/types\/page"}],"author":[{"embeddable":true,"href":"https:\/\/praisemachine.com\/fr\/wp-json\/wp\/v2\/users\/1"}],"replies":[{"embeddable":true,"href":"https:\/\/praisemachine.com\/fr\/wp-json\/wp\/v2\/comments?post=473"}],"version-history":[{"count":2,"href":"https:\/\/praisemachine.com\/fr\/wp-json\/wp\/v2\/pages\/473\/revisions"}],"predecessor-version":[{"id":475,"href":"https:\/\/praisemachine.com\/fr\/wp-json\/wp\/v2\/pages\/473\/revisions\/475"}],"wp:attachment":[{"href":"https:\/\/praisemachine.com\/fr\/wp-json\/wp\/v2\/media?parent=473"}],"curies":[{"name":"wp","href":"https:\/\/api.w.org\/{rel}","templated":true}]}}