{"id":542,"date":"2026-04-14T19:02:38","date_gmt":"2026-04-14T19:02:38","guid":{"rendered":"https:\/\/kiitmismasin.ee\/?page_id=542"},"modified":"2026-04-16T11:44:44","modified_gmt":"2026-04-16T11:44:44","slug":"naited","status":"publish","type":"page","link":"https:\/\/praisemachine.com\/fr\/naited\/","title":{"rendered":"Exemples"},"content":{"rendered":"<p>Une machine \u00e0 louer est un outil qui aide les gens de trois mani\u00e8res :<\/p>\n\n\n\n<ol class=\"wp-block-list\">\n<li><strong>Commenter un message sur les m\u00e9dias sociaux<\/strong> - g\u00e9n\u00e8re instantan\u00e9ment un commentaire amusant et dr\u00f4le, profitant de l'occasion pour offenser l'auteur du billet.<\/li>\n\n\n\n<li><strong>Contr\u00f4le des vibrations<\/strong> - analyse de mani\u00e8re critique un message sur les m\u00e9dias sociaux et donne un aper\u00e7u de la mani\u00e8re dont il pourrait \u00eatre interpr\u00e9t\u00e9 - avec des suggestions sur la mani\u00e8re de l'am\u00e9liorer.<\/li>\n\n\n\n<li class=\"translation-block\"><strong>Complimenter un ami<\/strong> - sur la base des mots-cl\u00e9s que vous saisissez (nom, \u00e2ge, \u00e9v\u00e9nement, profession, etc.), composez une f\u00e9licitation ou un compliment amusant sous la forme d'une nouvelle, d'un po\u00e8me, d'un dipl\u00f4me ou d'une caricature.<\/li>\n<\/ol>\n\n\n\n<p>Voici quelques exemples - en entr\u00e9e et en sortie - qui montrent exactement comment ces solutions fonctionnent.<\/p>\n\n\n\n<p><\/p>","protected":false},"excerpt":{"rendered":"<p>Kiitmismasin on t\u00f6\u00f6riist, mis aitab inimesi kolmel viisil: Allpool m\u00f5ned n\u00e4ited \u2013 sisend ja v\u00e4ljund \u2013 et n\u00e4eksid t\u00e4pselt, kuidas [&hellip;]<\/p>\n","protected":false},"author":1,"featured_media":0,"parent":0,"menu_order":0,"comment_status":"closed","ping_status":"closed","template":"","meta":{"site-sidebar-layout":"default","site-content-layout":"","ast-site-content-layout":"default","site-content-style":"default","site-sidebar-style":"default","ast-global-header-display":"","ast-banner-title-visibility":"","ast-main-header-display":"","ast-hfb-above-header-display":"","ast-hfb-below-header-display":"","ast-hfb-mobile-header-display":"","site-post-title":"","ast-breadcrumbs-content":"","ast-featured-img":"","footer-sml-layout":"","ast-disable-related-posts":"","theme-transparent-header-meta":"","adv-header-id-meta":"","stick-header-meta":"","header-above-stick-meta":"","header-main-stick-meta":"","header-below-stick-meta":"","astra-migrate-meta-layouts":"default","ast-page-background-enabled":"default","ast-page-background-meta":{"desktop":{"background-color":"var(--ast-global-color-5)","background-image":"","background-repeat":"repeat","background-position":"center center","background-size":"auto","background-attachment":"scroll","background-type":"","background-media":"","overlay-type":"","overlay-color":"","overlay-opacity":"","overlay-gradient":""},"tablet":{"background-color":"","background-image":"","background-repeat":"repeat","background-position":"center center","background-size":"auto","background-attachment":"scroll","background-type":"","background-media":"","overlay-type":"","overlay-color":"","overlay-opacity":"","overlay-gradient":""},"mobile":{"background-color":"","background-image":"","background-repeat":"repeat","background-position":"center center","background-size":"auto","background-attachment":"scroll","background-type":"","background-media":"","overlay-type":"","overlay-color":"","overlay-opacity":"","overlay-gradient":""}},"ast-content-background-meta":{"desktop":{"background-color":"var(--ast-global-color-4)","background-image":"","background-repeat":"repeat","background-position":"center center","background-size":"auto","background-attachment":"scroll","background-type":"","background-media":"","overlay-type":"","overlay-color":"","overlay-opacity":"","overlay-gradient":""},"tablet":{"background-color":"var(--ast-global-color-4)","background-image":"","background-repeat":"repeat","background-position":"center center","background-size":"auto","background-attachment":"scroll","background-type":"","background-media":"","overlay-type":"","overlay-color":"","overlay-opacity":"","overlay-gradient":""},"mobile":{"background-color":"var(--ast-global-color-4)","background-image":"","background-repeat":"repeat","background-position":"center center","background-size":"auto","background-attachment":"scroll","background-type":"","background-media":"","overlay-type":"","overlay-color":"","overlay-opacity":"","overlay-gradient":""}},"footnotes":""},"class_list":["post-542","page","type-page","status-publish","hentry"],"_links":{"self":[{"href":"https:\/\/praisemachine.com\/fr\/wp-json\/wp\/v2\/pages\/542","targetHints":{"allow":["GET"]}}],"collection":[{"href":"https:\/\/praisemachine.com\/fr\/wp-json\/wp\/v2\/pages"}],"about":[{"href":"https:\/\/praisemachine.com\/fr\/wp-json\/wp\/v2\/types\/page"}],"author":[{"embeddable":true,"href":"https:\/\/praisemachine.com\/fr\/wp-json\/wp\/v2\/users\/1"}],"replies":[{"embeddable":true,"href":"https:\/\/praisemachine.com\/fr\/wp-json\/wp\/v2\/comments?post=542"}],"version-history":[{"count":3,"href":"https:\/\/praisemachine.com\/fr\/wp-json\/wp\/v2\/pages\/542\/revisions"}],"predecessor-version":[{"id":571,"href":"https:\/\/praisemachine.com\/fr\/wp-json\/wp\/v2\/pages\/542\/revisions\/571"}],"wp:attachment":[{"href":"https:\/\/praisemachine.com\/fr\/wp-json\/wp\/v2\/media?parent=542"}],"curies":[{"name":"wp","href":"https:\/\/api.w.org\/{rel}","templated":true}]}}