{"id":492,"date":"2026-04-09T12:02:17","date_gmt":"2026-04-09T12:02:17","guid":{"rendered":"https:\/\/kiitmismasin.ee\/?page_id=492"},"modified":"2026-04-09T12:32:31","modified_gmt":"2026-04-09T12:32:31","slug":"%e0%a4%b5%e0%a5%8d%e0%a4%af%e0%a4%b5%e0%a4%b8%e0%a4%be%e0%a4%af%e0%a5%8b%e0%a4%82-%e0%a4%95%e0%a5%8b","status":"publish","type":"page","link":"https:\/\/praisemachine.com\/hi\/ettevotetele\/","title":{"rendered":"\u0935\u094d\u092f\u0935\u0938\u093e\u092f"},"content":{"rendered":"<p>\u0915\u0930\u094d\u092e\u091a\u093e\u0930\u0940 \u0928\u093f\u0937\u094d\u0920\u093e, \u092a\u094d\u0930\u0947\u0930\u0923\u093e \u0914\u0930 \u090f\u0915 \u0905\u091a\u094d\u091b\u093e \u0915\u093e\u0930\u094d\u092f \u0935\u093e\u0924\u093e\u0935\u0930\u0923 \u0915\u093f\u0938\u0940 \u092d\u0940 \u0938\u0902\u0917\u0920\u0928 \u0915\u0940 \u0906\u0927\u093e\u0930\u0936\u093f\u0932\u093e\u090f\u0901 \u0939\u0948\u0902\u0964. <br><br>\u0905\u091a\u094d\u091b\u0947 \u0932\u094b\u0917\u094b\u0902 \u0915\u094b \u0909\u0928\u0915\u0940 \u0928\u094c\u0915\u0930\u0940 \u092e\u0947\u0902 \u092c\u0928\u093e\u090f \u0930\u0916\u0928\u0947 \u0915\u0947 \u0932\u093f\u090f \u0938\u093f\u0930\u094d\u092b \u0935\u0947\u0924\u0928 \u0939\u0940 \u092a\u0930\u094d\u092f\u093e\u092a\u094d\u0924 \u0928\u0939\u0940\u0902 \u0939\u094b\u0924\u093e\u0964 \u0905\u0915\u094d\u0938\u0930 \u0935\u0947 \u0924\u092c \u0928\u094c\u0915\u0930\u0940 \u091b\u094b\u0921\u093c \u0926\u0947\u0924\u0947 \u0939\u0948\u0902 \u091c\u092c \u0909\u0928\u094d\u0939\u0947\u0902 \u0932\u0917\u0924\u093e \u0939\u0948 \u0915\u093f \u0909\u0928\u0915\u0940 \u0915\u0926\u094d\u0930 \u0928\u0939\u0940\u0902 \u0939\u094b \u0930\u0939\u0940\u0964. <br><br>\u0905\u0928\u0941\u0938\u0902\u0927\u093e\u0928 \u0938\u0947 \u092a\u0924\u093e \u091a\u0932\u0924\u093e \u0939\u0948 \u0915\u093f \u0915\u0930\u094d\u092e\u091a\u093e\u0930\u093f\u092f\u094b\u0902 \u092a\u0930 \u0927\u094d\u092f\u093e\u0928 \u0926\u0947\u0928\u093e, \u0909\u0928\u094d\u0939\u0947\u0902 \u092f\u093e\u0926 \u0930\u0916\u0928\u093e \u0914\u0930 \u092a\u0939\u091a\u093e\u0928\u0928\u093e, \u0915\u0902\u092a\u0928\u0940 \u0915\u0947 \u0906\u0915\u093e\u0930 \u092f\u093e \u0915\u094d\u0937\u0947\u0924\u094d\u0930 \u0915\u0940 \u092a\u0930\u0935\u093e\u0939 \u0915\u093f\u090f \u092c\u093f\u0928\u093e, \u0928\u094c\u0915\u0930\u0940 \u0915\u0940 \u0938\u0902\u0924\u0941\u0937\u094d\u091f\u093f, \u0935\u092b\u093e\u0926\u093e\u0930\u0940 \u0914\u0930 \u0909\u0924\u094d\u092a\u093e\u0926\u0915\u0924\u093e \u0915\u094b \u092a\u094d\u0930\u092d\u093e\u0935\u093f\u0924 \u0915\u0930\u0928\u0947 \u0935\u093e\u0932\u0947 \u0938\u092c\u0938\u0947 \u092e\u091c\u092c\u0942\u0924 \u0915\u093e\u0930\u0915\u094b\u0902 \u092e\u0947\u0902 \u0938\u0947 \u090f\u0915 \u0939\u0948\u0964. <br><br>\u0939\u092e\u0928\u0947 \u090f\u0915 \u0910\u0938\u093e \u0938\u092e\u093e\u0927\u093e\u0928 \u0935\u093f\u0915\u0938\u093f\u0924 \u0915\u093f\u092f\u093e \u0939\u0948 \u091c\u094b \u0907\u0938\u0947 \u0938\u0930\u0932 \u0924\u0930\u0940\u0915\u0947 \u0938\u0947 \u0938\u0941\u0927\u093e\u0930\u0928\u0947 \u092e\u0947\u0902 \u092e\u0926\u0926 \u0915\u0930\u0924\u093e \u0939\u0948, \u0938\u092d\u0940 \u0906\u0915\u093e\u0930 \u0915\u0947 \u0938\u0902\u0917\u0920\u0928\u094b\u0902 \u0915\u0947 \u0932\u093f\u090f \u0915\u093e\u092e \u0915\u0930\u0924\u093e \u0939\u0948, \u0914\u0930 \u0935\u094d\u092f\u093e\u0935\u0939\u093e\u0930\u093f\u0915 \u0930\u0942\u092a \u0938\u0947 \u0928\u093f\u0903\u0936\u0941\u0932\u094d\u0915 \u0939\u0948\u0964. <br><br>\u092f\u0926\u093f \u0906\u092a\u0915\u094b \u0932\u0917\u0924\u093e \u0939\u0948 \u0915\u093f \u0906\u092a\u0915\u0947 \u0915\u093e\u0930\u094d\u092f\u0938\u094d\u0925\u0932 \u092a\u0930 \u0907\u0928 \u091a\u0940\u091c\u093c\u094b\u0902 \u092e\u0947\u0902 \u0938\u0941\u0927\u093e\u0930 \u0915\u093f\u092f\u093e \u091c\u093e \u0938\u0915\u0924\u093e \u0939\u0948, \u0924\u094b \u0915\u0943\u092a\u092f\u093e \u0939\u092e\u0938\u0947 \u0938\u0902\u092a\u0930\u094d\u0915 \u0915\u0930\u0947\u0902\u0964.<\/p>\n\n\n<div class='fluentform ff-default fluentform_wrapper_5 ffs_default_wrap'><form data-form_id=\"5\" id=\"fluentform_5\" class=\"frm-fluent-form fluent_form_5 ff-el-form-top ff_form_instance_5_1 ff-form-loading ffs_default\" data-form_instance=\"ff_form_instance_5_1\" method=\"POST\" action=\"\" ><fieldset  style=\"border: none!important;margin: 0!important;padding: 0!important;background-color: transparent!important;box-shadow: none!important;outline: none!important; min-inline-size: 100%;\">\n                    <legend class=\"ff_screen_reader_title\" style=\"display: block; margin: 0!important;padding: 0!important;height: 0!important;text-indent: -999999px;width: 0!important;overflow:hidden;\">\u0935\u094d\u092f\u0935\u0938\u093e\u092f<\/legend><input type='hidden' name='__fluent_form_embded_post_id' value='492' \/><input type=\"hidden\" id=\"_fluentform_5_fluentformnonce\" name=\"_fluentform_5_fluentformnonce\" value=\"23e62cf505\" \/><input type=\"hidden\" name=\"_wp_http_referer\" value=\"\/hi\/wp-json\/wp\/v2\/pages\/492\" \/><div class='ff-el-group'><div class=\"ff-el-input--label ff-el-is-required asterisk-right\"><label for='ff_5_input_text' id='label_ff_5_input_text' aria-label=\"\u0915\u0902\u092a\u0928\u0940 \u0915\u093e \u0928\u093e\u092e\">\u0915\u0902\u092a\u0928\u0940 \u0915\u093e \u0928\u093e\u092e<\/label><\/div><div class='ff-el-input--content'><input type=\"text\" name=\"input_text\" class=\"ff-el-form-control\" placeholder=\"\u0915\u0902\u092a\u0928\u0940 \u092f\u093e \u0938\u0902\u0917\u0920\u0928 \u0915\u093e \u0928\u093e\u092e\" data-name=\"input_text\" id=\"ff_5_input_text\"  aria-invalid=\"false\" aria-required=\"true\"><\/div><\/div><div class='ff-el-group'><div class=\"ff-el-input--label ff-el-is-required asterisk-right\"><label for='ff_5_dropdown' id='label_ff_5_dropdown' aria-label=\"\u0915\u0930\u094d\u092e\u091a\u093e\u0930\u093f\u092f\u094b\u0902 \u0915\u0940 \u0938\u0902\u0916\u094d\u092f\u093e\">\u0915\u0930\u094d\u092e\u091a\u093e\u0930\u093f\u092f\u094b\u0902 \u0915\u0940 \u0938\u0902\u0916\u094d\u092f\u093e<\/label><\/div><div class='ff-el-input--content'><select name=\"dropdown\" id=\"ff_5_dropdown\" class=\"ff-el-form-control\" data-name=\"dropdown\" data-calc_value=\"0\"  aria-invalid=\"false\" aria-required=\"true\" aria-labelledby=\"label_ff_5_dropdown\"><option value=\"\">\u0915\u0930\u094d\u092e\u091a\u093e\u0930\u093f\u092f\u094b\u0902 \u092f\u093e \u0938\u0926\u0938\u094d\u092f\u094b\u0902 \u0915\u0940 \u0938\u0902\u0916\u094d\u092f\u093e<\/option><option value=\"1-10\"  >1-10<\/option><option value=\"11-100\"  >11-100<\/option><option value=\"101-1000\"  >101-1000<\/option><option value=\"1000+\"  >1000+<\/option><\/select><\/div><\/div><div class='ff-el-group'><div class=\"ff-el-input--label ff-el-is-required asterisk-right\"><label for='ff_5_input_text_1' id='label_ff_5_input_text_1' aria-label=\"\u0938\u0902\u092a\u0930\u094d\u0915 \u0935\u094d\u092f\u0915\u094d\u0924\u093f\">\u0938\u0902\u092a\u0930\u094d\u0915 \u0935\u094d\u092f\u0915\u094d\u0924\u093f<\/label><\/div><div class='ff-el-input--content'><input type=\"text\" name=\"input_text_1\" class=\"ff-el-form-control\" placeholder=\"\u0938\u0902\u092a\u0930\u094d\u0915 \u0935\u094d\u092f\u0915\u094d\u0924\u093f \u0915\u093e \u0928\u093e\u092e\" data-name=\"input_text_1\" id=\"ff_5_input_text_1\"  aria-invalid=\"false\" aria-required=\"true\"><\/div><\/div><div class='ff-el-group'><div class=\"ff-el-input--label ff-el-is-required asterisk-right\"><label for='ff_5_email' id='label_ff_5_email' aria-label=\"\u0908\u092e\u0947\u0932\">\u0908\u092e\u0947\u0932<\/label><\/div><div class='ff-el-input--content'><input type=\"email\" name=\"email\" id=\"ff_5_email\" class=\"ff-el-form-control\" placeholder=\"\u0908\u092e\u0947\u0932 \u092a\u0924\u093e\" data-name=\"email\"  aria-invalid=\"false\" aria-required=\"true\"><\/div><\/div><div class='ff-el-group ff-text-left ff_submit_btn_wrapper'><button type=\"submit\" class=\"ff-btn ff-btn-submit ff-btn-md ff_btn_style\"  aria-label=\"\u092d\u0947\u091c\u0947\u0902\">\u092d\u0947\u091c\u0947\u0902<\/button><\/div><\/fieldset><input type=\"hidden\" name=\"trp-form-language\" value=\"hi\"\/><\/form><div id='fluentform_5_errors' class='ff-errors-in-stack ff_form_instance_5_1 ff-form-loading_errors ff_form_instance_5_1_errors'><\/div><\/div>            <script type=\"text\/javascript\">\n                window.fluent_form_ff_form_instance_5_1 = {\"id\":\"5\",\"settings\":{\"layout\":{\"labelPlacement\":\"top\",\"asteriskPlacement\":\"asterisk-right\",\"helpMessagePlacement\":\"with_label\",\"errorMessagePlacement\":\"inline\",\"cssClassName\":\"\"},\"restrictions\":{\"denyEmptySubmission\":{\"enabled\":false}}},\"form_instance\":\"ff_form_instance_5_1\",\"form_id_selector\":\"fluentform_5\",\"rules\":{\"input_text\":{\"required\":{\"value\":true,\"message\":\"This field is required\",\"global_message\":\"This field is required\",\"global\":true}},\"dropdown\":{\"required\":{\"value\":true,\"message\":\"This field is required\",\"global_message\":\"This field is required\",\"global\":true}},\"input_text_1\":{\"required\":{\"value\":true,\"message\":\"This field is required\",\"global_message\":\"This field is required\",\"global\":true}},\"email\":{\"required\":{\"value\":true,\"message\":\"This field is required\",\"global_message\":\"This field is required\",\"global\":true},\"email\":{\"value\":true,\"message\":\"This field must contain a valid email\",\"global_message\":\"This field must contain a valid email\",\"global\":true}}},\"debounce_time\":300};\n                            <\/script>","protected":false},"excerpt":{"rendered":"<p>T\u00f6\u00f6tajate lojaalsus, motivatsioon ja hea t\u00f6\u00f6keskkond on iga organisatsiooni alustala. H\u00e4id inimesi ei hoia t\u00f6\u00f6l ainult palk. Enamasti lahkuvad nad [&hellip;]<\/p>\n","protected":false},"author":1,"featured_media":0,"parent":0,"menu_order":0,"comment_status":"closed","ping_status":"closed","template":"","meta":{"site-sidebar-layout":"default","site-content-layout":"","ast-site-content-layout":"default","site-content-style":"default","site-sidebar-style":"default","ast-global-header-display":"","ast-banner-title-visibility":"","ast-main-header-display":"","ast-hfb-above-header-display":"","ast-hfb-below-header-display":"","ast-hfb-mobile-header-display":"","site-post-title":"","ast-breadcrumbs-content":"","ast-featured-img":"","footer-sml-layout":"","ast-disable-related-posts":"","theme-transparent-header-meta":"","adv-header-id-meta":"","stick-header-meta":"","header-above-stick-meta":"","header-main-stick-meta":"","header-below-stick-meta":"","astra-migrate-meta-layouts":"default","ast-page-background-enabled":"default","ast-page-background-meta":{"desktop":{"background-color":"var(--ast-global-color-5)","background-image":"","background-repeat":"repeat","background-position":"center center","background-size":"auto","background-attachment":"scroll","background-type":"","background-media":"","overlay-type":"","overlay-color":"","overlay-opacity":"","overlay-gradient":""},"tablet":{"background-color":"","background-image":"","background-repeat":"repeat","background-position":"center center","background-size":"auto","background-attachment":"scroll","background-type":"","background-media":"","overlay-type":"","overlay-color":"","overlay-opacity":"","overlay-gradient":""},"mobile":{"background-color":"","background-image":"","background-repeat":"repeat","background-position":"center center","background-size":"auto","background-attachment":"scroll","background-type":"","background-media":"","overlay-type":"","overlay-color":"","overlay-opacity":"","overlay-gradient":""}},"ast-content-background-meta":{"desktop":{"background-color":"var(--ast-global-color-4)","background-image":"","background-repeat":"repeat","background-position":"center center","background-size":"auto","background-attachment":"scroll","background-type":"","background-media":"","overlay-type":"","overlay-color":"","overlay-opacity":"","overlay-gradient":""},"tablet":{"background-color":"var(--ast-global-color-4)","background-image":"","background-repeat":"repeat","background-position":"center center","background-size":"auto","background-attachment":"scroll","background-type":"","background-media":"","overlay-type":"","overlay-color":"","overlay-opacity":"","overlay-gradient":""},"mobile":{"background-color":"var(--ast-global-color-4)","background-image":"","background-repeat":"repeat","background-position":"center center","background-size":"auto","background-attachment":"scroll","background-type":"","background-media":"","overlay-type":"","overlay-color":"","overlay-opacity":"","overlay-gradient":""}},"footnotes":""},"class_list":["post-492","page","type-page","status-publish","hentry"],"_links":{"self":[{"href":"https:\/\/praisemachine.com\/hi\/wp-json\/wp\/v2\/pages\/492","targetHints":{"allow":["GET"]}}],"collection":[{"href":"https:\/\/praisemachine.com\/hi\/wp-json\/wp\/v2\/pages"}],"about":[{"href":"https:\/\/praisemachine.com\/hi\/wp-json\/wp\/v2\/types\/page"}],"author":[{"embeddable":true,"href":"https:\/\/praisemachine.com\/hi\/wp-json\/wp\/v2\/users\/1"}],"replies":[{"embeddable":true,"href":"https:\/\/praisemachine.com\/hi\/wp-json\/wp\/v2\/comments?post=492"}],"version-history":[{"count":4,"href":"https:\/\/praisemachine.com\/hi\/wp-json\/wp\/v2\/pages\/492\/revisions"}],"predecessor-version":[{"id":497,"href":"https:\/\/praisemachine.com\/hi\/wp-json\/wp\/v2\/pages\/492\/revisions\/497"}],"wp:attachment":[{"href":"https:\/\/praisemachine.com\/hi\/wp-json\/wp\/v2\/media?parent=492"}],"curies":[{"name":"wp","href":"https:\/\/api.w.org\/{rel}","templated":true}]}}