{"id":186,"date":"2026-04-06T01:00:54","date_gmt":"2026-04-06T01:00:54","guid":{"rendered":"https:\/\/kiitmismasin.ee\/?page_id=186"},"modified":"2026-04-15T12:49:11","modified_gmt":"2026-04-15T12:49:11","slug":"%e6%88%91%e4%bb%ac%e7%9a%84%e6%95%85%e4%ba%8b","status":"publish","type":"page","link":"https:\/\/praisemachine.com\/zh\/meie-lugu\/","title":{"rendered":"\u6211\u4eec\u7684\u6545\u4e8b"},"content":{"rendered":"<p>\u6240\u6709\u4eba\u90fd\u9700\u8981\u5173\u6ce8\u548c\u8ba4\u53ef\u3002\u4f46\u6709\u4e9b\u4eba\u66f4\u9700\u8981\u3002\u5982\u679c\u4ed6\u4eec\u89c9\u5f97\u522b\u4eba\u5728\u8ba4\u53ef\u4ed6\u4eec\u65b9\u9762\u505a\u5f97\u4e0d\u591f\u597d\uff0c\u4ed6\u4eec\u5c31\u9700\u8981\u627f\u62c5\u8d77\u8868\u626c\u548c\u8d23\u5907\u81ea\u5df1\u7684\u4efb\u52a1\u3002.<br><br>\u6211\u4eec\u8eab\u8fb9\u6709\u5f88\u591a\u8fd9\u6837\u7684\u4eba\uff08\u751a\u81f3\u53ef\u4ee5\u8bf4\u662f\u7edd\u5927\u591a\u6570\uff09\uff0c\u65e0\u8bba\u662f\u5728\u73b0\u5b9e\u751f\u6d3b\u4e2d\u8fd8\u662f\u5728\u793e\u4ea4\u5a92\u4f53\u4e0a\u3002\u5bf9\u6709\u4e9b\u4eba\u6765\u8bf4\uff0c\u8fd9\u79cd\u60c5\u51b5\u751a\u81f3\u4f1a\u4e25\u91cd\u5230\u4ed6\u4eec\u751a\u81f3\u65e0\u6cd5\u6ce8\u610f\u5230\u522b\u4eba--\u7814\u7a76\u8868\u660e\uff0c\u8fd9\u79cd\u60c5\u51b5\u5728\u5168\u7403\u8303\u56f4\u5185\u5448\u589e\u957f\u8d8b\u52bf\u3002.<br><br>\u6211\u4eec\u4e3a\u8fd9\u4e9b\u4eba\u611f\u5230\u96be\u8fc7\uff0c\u6709\u4e00\u5929\u6211\u4eec\u51b3\u5b9a\u53bb\u5e2e\u52a9\u4ed6\u4eec\u3002.<br><br><strong>\u4e8e\u662f\uff0c\"\u8d5e\u7f8e\u673a\u5668 \"\u8bde\u751f\u4e86--\u5b83\u662f\u4e3a\u90a3\u4e9b\u6e34\u671b\u88ab\u8ba4\u53ef\u3001\u60a3\u6709\u4e0d\u88ab\u6ce8\u610f\u6050\u60e7\u75c7\u6216\u62c5\u5fc3\u6ca1\u6709\u81ea\u5df1\u4f1a\u88ab\u4e16\u754c\u9057\u5fd8\u7684\u4eba\u51c6\u5907\u7684\u6551\u62a4\u8f66\u3002.<\/strong><br><br>\u6211\u4eec\u7684\u4f7f\u547d\u5f88\u7b80\u5355\uff1a\u5728\u901a\u5e38\u7684 \u201c\u559c\u6b22 \u201d\u4e0d\u8db3\u4ee5\u6216\u4e0d\u518d\u80fd\u5145\u5206\u63d0\u9ad8\u591a\u5df4\u80fa\u6c34\u5e73\u7684\u60c5\u51b5\u4e0b\uff0c\u63d0\u4f9b\u4e13\u4e1a\u3001\u51c6\u786e\u7684 \u201c\u8d5e\u7f8e\u201d\u3002.<br><br>\u5982\u679c\u60a8\u8ba4\u8bc6\u7684\u4eba\u6709\u6ce8\u610f\u529b\u4e0d\u96c6\u4e2d\u7684\u75c7\u72b6\uff0c\u9700\u8981\u7d27\u6025\u5e72\u9884\uff0c\u8bf7\u4f38\u51fa\u63f4\u52a9\u4e4b\u624b\uff0c\u4f7f\u7528 \"\u8d5e\u7f8e\u673a\"\u3002\u53ea\u9700\u4e00\u70b9\u70b9\uff0c\u5c31\u80fd\u9020\u798f\u4eba\u7c7b\u3002.<br><br><strong>\u6211\u4eec\u8877\u5fc3\u611f\u8c22\u6240\u6709\u7684\u597d\u5fc3\u4eba\uff0c\u662f\u4ed6\u4eec\u7684\u5e2e\u52a9\u8ba9\u90a3\u4e9b\u5df2\u7ecf\u6ce8\u610f\u5230\u81ea\u5df1\u7684\u4eba\u6ce8\u610f\u5230\u4e86\u81ea\u5df1\uff01<\/strong><br><br><strong>\u9644\u6ce8.<\/strong> \u6211\u4eec\u6b63\u5728\u4e0e\u793e\u4f1a\u4e8b\u52a1\u90e8\u3001\u536b\u751f\u90e8\u3001\u8d22\u653f\u90e8\u3001\u6587\u5316\u90e8\u548c\u5176\u4ed6\u90e8\u95e8\u8fdb\u884c\u8c08\u5224\uff0c\u4ed6\u4eec\u8ba4\u4e3a Kiitmismachine \u5728\u6539\u5584\u4eba\u4eec\u7684\u5065\u5eb7\u548c\u798f\u7949\u65b9\u9762\u5177\u6709\u5de8\u5927\u6f5c\u529b\u3002.<br><br>\u6211\u4eec\u8ba1\u5212\u5f00\u59cb\u4e3a\u6bcf\u6708\u548c\u6bcf\u5468\u7684\u6700\u4f73\u8d21\u732e\u8005\u9881\u5956\uff0c\u8fd9\u6837\u6350\u8d60\u8005\u548c\u53d7\u52a9\u8005\u90fd\u80fd\u5f97\u5230\u66f4\u5e7f\u6cdb\u7684\u8ba4\u53ef\u3002.<br><br><strong>\u5728\u53ef\u80fd\u7684\u60c5\u51b5\u4e0b\uff0c\"\u8d5e\u7f8e\u673a\u5668 \"\u7684\u9996\u5e2d\u533b\u7597\u5b98\u5c06\u4eb2\u81ea\u4e0e\u83b7\u5956\u8005\u8054\u7cfb\u3002.<\/strong><\/p>\n\n\n\n<p><\/p>","protected":false},"excerpt":{"rendered":"<p>K\u00f5ik inimesed vajavad t\u00e4helepanu ja tunnustust. M\u00f5ned inimesed aga vajavad seda rohkem. Ja kui nad tunnevad, et teised ei saa [&hellip;]<\/p>\n","protected":false},"author":1,"featured_media":0,"parent":0,"menu_order":0,"comment_status":"closed","ping_status":"closed","template":"","meta":{"site-sidebar-layout":"default","site-content-layout":"","ast-site-content-layout":"default","site-content-style":"default","site-sidebar-style":"default","ast-global-header-display":"","ast-banner-title-visibility":"","ast-main-header-display":"","ast-hfb-above-header-display":"","ast-hfb-below-header-display":"","ast-hfb-mobile-header-display":"","site-post-title":"","ast-breadcrumbs-content":"","ast-featured-img":"","footer-sml-layout":"","ast-disable-related-posts":"","theme-transparent-header-meta":"","adv-header-id-meta":"","stick-header-meta":"","header-above-stick-meta":"","header-main-stick-meta":"","header-below-stick-meta":"","astra-migrate-meta-layouts":"default","ast-page-background-enabled":"default","ast-page-background-meta":{"desktop":{"background-color":"var(--ast-global-color-5)","background-image":"","background-repeat":"repeat","background-position":"center center","background-size":"auto","background-attachment":"scroll","background-type":"","background-media":"","overlay-type":"","overlay-color":"","overlay-opacity":"","overlay-gradient":""},"tablet":{"background-color":"","background-image":"","background-repeat":"repeat","background-position":"center center","background-size":"auto","background-attachment":"scroll","background-type":"","background-media":"","overlay-type":"","overlay-color":"","overlay-opacity":"","overlay-gradient":""},"mobile":{"background-color":"","background-image":"","background-repeat":"repeat","background-position":"center center","background-size":"auto","background-attachment":"scroll","background-type":"","background-media":"","overlay-type":"","overlay-color":"","overlay-opacity":"","overlay-gradient":""}},"ast-content-background-meta":{"desktop":{"background-color":"var(--ast-global-color-4)","background-image":"","background-repeat":"repeat","background-position":"center center","background-size":"auto","background-attachment":"scroll","background-type":"","background-media":"","overlay-type":"","overlay-color":"","overlay-opacity":"","overlay-gradient":""},"tablet":{"background-color":"var(--ast-global-color-4)","background-image":"","background-repeat":"repeat","background-position":"center center","background-size":"auto","background-attachment":"scroll","background-type":"","background-media":"","overlay-type":"","overlay-color":"","overlay-opacity":"","overlay-gradient":""},"mobile":{"background-color":"var(--ast-global-color-4)","background-image":"","background-repeat":"repeat","background-position":"center center","background-size":"auto","background-attachment":"scroll","background-type":"","background-media":"","overlay-type":"","overlay-color":"","overlay-opacity":"","overlay-gradient":""}},"footnotes":""},"class_list":["post-186","page","type-page","status-publish","hentry"],"_links":{"self":[{"href":"https:\/\/praisemachine.com\/zh\/wp-json\/wp\/v2\/pages\/186","targetHints":{"allow":["GET"]}}],"collection":[{"href":"https:\/\/praisemachine.com\/zh\/wp-json\/wp\/v2\/pages"}],"about":[{"href":"https:\/\/praisemachine.com\/zh\/wp-json\/wp\/v2\/types\/page"}],"author":[{"embeddable":true,"href":"https:\/\/praisemachine.com\/zh\/wp-json\/wp\/v2\/users\/1"}],"replies":[{"embeddable":true,"href":"https:\/\/praisemachine.com\/zh\/wp-json\/wp\/v2\/comments?post=186"}],"version-history":[{"count":4,"href":"https:\/\/praisemachine.com\/zh\/wp-json\/wp\/v2\/pages\/186\/revisions"}],"predecessor-version":[{"id":552,"href":"https:\/\/praisemachine.com\/zh\/wp-json\/wp\/v2\/pages\/186\/revisions\/552"}],"wp:attachment":[{"href":"https:\/\/praisemachine.com\/zh\/wp-json\/wp\/v2\/media?parent=186"}],"curies":[{"name":"wp","href":"https:\/\/api.w.org\/{rel}","templated":true}]}}