{"id":492,"date":"2026-04-09T12:02:17","date_gmt":"2026-04-09T12:02:17","guid":{"rendered":"https:\/\/kiitmismasin.ee\/?page_id=492"},"modified":"2026-04-09T12:32:31","modified_gmt":"2026-04-09T12:32:31","slug":"%e4%bc%81%e4%b8%9a","status":"publish","type":"page","link":"https:\/\/praisemachine.com\/zh\/ettevotetele\/","title":{"rendered":"\u4f01\u4e1a"},"content":{"rendered":"<p>\u5458\u5de5\u7684\u5fe0\u8bda\u5ea6\u3001\u79ef\u6781\u6027\u548c\u826f\u597d\u7684\u5de5\u4f5c\u73af\u5883\u662f\u4efb\u4f55\u7ec4\u7ec7\u7684\u57fa\u77f3\u3002. <br><br>\u8ba9\u4f18\u79c0\u4eba\u624d\u7559\u5728\u5de5\u4f5c\u5c97\u4f4d\u4e0a\u7684\u4e0d\u4ec5\u4ec5\u662f\u85aa\u916c\u3002\u5f53\u4ed6\u4eec\u89c9\u5f97\u81ea\u5df1\u4e0d\u88ab\u91cd\u89c6\u65f6\uff0c\u5f80\u5f80\u4f1a\u79bb\u5f00\u3002. <br><br>\u7814\u7a76\u8868\u660e\uff0c\u65e0\u8bba\u516c\u53f8\u89c4\u6a21\u5927\u5c0f\u6216\u6240\u5904\u884c\u4e1a\u5982\u4f55\uff0c\u5458\u5de5\u7684\u8ba4\u53ef\u3001\u7eaa\u5ff5\u548c\u8d5e\u8d4f\u90fd\u662f\u5de5\u4f5c\u6ee1\u610f\u5ea6\u3001\u5fe0\u8bda\u5ea6\u548c\u751f\u4ea7\u7387\u7684\u6700\u5f3a\u9a71\u52a8\u529b\u4e4b\u4e00\u3002. <br><br>\u6211\u4eec\u5f00\u53d1\u4e86\u4e00\u79cd\u89e3\u51b3\u65b9\u6848\uff0c\u53ef\u4ee5\u5e2e\u52a9\u60a8\u4ee5\u7b80\u5355\u7684\u65b9\u5f0f\u89e3\u51b3\u8fd9\u4e2a\u95ee\u9898\uff0c\u9002\u7528\u4e8e\u5404\u79cd\u89c4\u6a21\u7684\u7ec4\u7ec7\uff0c\u800c\u4e14\u51e0\u4e4e\u662f\u514d\u8d39\u7684\u3002. <br><br>\u5982\u679c\u60a8\u8ba4\u4e3a\u5728\u60a8\u7684\u5de5\u4f5c\u573a\u6240\u8fd9\u4e9b\u4e8b\u60c5\u53ef\u4ee5\u505a\u5f97\u66f4\u597d\uff0c\u8bf7\u8054\u7cfb\u6211\u4eec\u3002.<\/p>\n\n\n<div class='fluentform ff-default fluentform_wrapper_5 ffs_default_wrap'><form data-form_id=\"5\" id=\"fluentform_5\" class=\"frm-fluent-form fluent_form_5 ff-el-form-top ff_form_instance_5_1 ff-form-loading ffs_default\" data-form_instance=\"ff_form_instance_5_1\" method=\"POST\" action=\"\" ><fieldset  style=\"border: none!important;margin: 0!important;padding: 0!important;background-color: transparent!important;box-shadow: none!important;outline: none!important; min-inline-size: 100%;\">\n                    <legend class=\"ff_screen_reader_title\" style=\"display: block; margin: 0!important;padding: 0!important;height: 0!important;text-indent: -999999px;width: 0!important;overflow:hidden;\">\u4f01\u4e1a<\/legend><input type='hidden' name='__fluent_form_embded_post_id' value='492' \/><input type=\"hidden\" id=\"_fluentform_5_fluentformnonce\" name=\"_fluentform_5_fluentformnonce\" value=\"23e62cf505\" \/><input type=\"hidden\" name=\"_wp_http_referer\" value=\"\/zh\/wp-json\/wp\/v2\/pages\/492\" \/><div class='ff-el-group'><div class=\"ff-el-input--label ff-el-is-required asterisk-right\"><label for='ff_5_input_text' id='label_ff_5_input_text' aria-label=\"\u516c\u53f8\u540d\u79f0\">\u516c\u53f8\u540d\u79f0<\/label><\/div><div class='ff-el-input--content'><input type=\"text\" name=\"input_text\" class=\"ff-el-form-control\" placeholder=\"\u516c\u53f8\u6216\u7ec4\u7ec7\u540d\u79f0\" data-name=\"input_text\" id=\"ff_5_input_text\"  aria-invalid=\"false\" aria-required=\"true\"><\/div><\/div><div class='ff-el-group'><div class=\"ff-el-input--label ff-el-is-required asterisk-right\"><label for='ff_5_dropdown' id='label_ff_5_dropdown' aria-label=\"\u5458\u5de5\u4eba\u6570\">\u5458\u5de5\u4eba\u6570<\/label><\/div><div class='ff-el-input--content'><select name=\"dropdown\" id=\"ff_5_dropdown\" class=\"ff-el-form-control\" data-name=\"dropdown\" data-calc_value=\"0\"  aria-invalid=\"false\" aria-required=\"true\" aria-labelledby=\"label_ff_5_dropdown\"><option value=\"\">\u5de5\u4f5c\u4eba\u5458\u6216\u6210\u5458\u4eba\u6570<\/option><option value=\"1-10\"  >1-10<\/option><option value=\"11-100\"  >11-100<\/option><option value=\"101-1000\"  >101-1000<\/option><option value=\"1000+\"  >1000+<\/option><\/select><\/div><\/div><div class='ff-el-group'><div class=\"ff-el-input--label ff-el-is-required asterisk-right\"><label for='ff_5_input_text_1' id='label_ff_5_input_text_1' aria-label=\"\u8054\u7cfb\u65b9\u5f0f\">\u8054\u7cfb\u65b9\u5f0f<\/label><\/div><div class='ff-el-input--content'><input type=\"text\" name=\"input_text_1\" class=\"ff-el-form-control\" placeholder=\"\u8054\u7cfb\u4eba\u59d3\u540d\" data-name=\"input_text_1\" id=\"ff_5_input_text_1\"  aria-invalid=\"false\" aria-required=\"true\"><\/div><\/div><div class='ff-el-group'><div class=\"ff-el-input--label ff-el-is-required asterisk-right\"><label for='ff_5_email' id='label_ff_5_email' aria-label=\"\u7535\u5b50\u90ae\u4ef6\">\u7535\u5b50\u90ae\u4ef6<\/label><\/div><div class='ff-el-input--content'><input type=\"email\" name=\"email\" id=\"ff_5_email\" class=\"ff-el-form-control\" placeholder=\"\u7535\u5b50\u90ae\u4ef6\u5730\u5740\" data-name=\"email\"  aria-invalid=\"false\" aria-required=\"true\"><\/div><\/div><div class='ff-el-group ff-text-left ff_submit_btn_wrapper'><button type=\"submit\" class=\"ff-btn ff-btn-submit ff-btn-md ff_btn_style\"  aria-label=\"\u53d1\u9001\u81f3\">\u53d1\u9001\u81f3<\/button><\/div><\/fieldset><input type=\"hidden\" name=\"trp-form-language\" value=\"zh\"\/><\/form><div id='fluentform_5_errors' class='ff-errors-in-stack ff_form_instance_5_1 ff-form-loading_errors ff_form_instance_5_1_errors'><\/div><\/div>            <script type=\"text\/javascript\">\n                window.fluent_form_ff_form_instance_5_1 = {\"id\":\"5\",\"settings\":{\"layout\":{\"labelPlacement\":\"top\",\"asteriskPlacement\":\"asterisk-right\",\"helpMessagePlacement\":\"with_label\",\"errorMessagePlacement\":\"inline\",\"cssClassName\":\"\"},\"restrictions\":{\"denyEmptySubmission\":{\"enabled\":false}}},\"form_instance\":\"ff_form_instance_5_1\",\"form_id_selector\":\"fluentform_5\",\"rules\":{\"input_text\":{\"required\":{\"value\":true,\"message\":\"\\u8fd9\\u662f\\u5fc5\\u586b\\u680f\",\"global_message\":\"This field is required\",\"global\":true}},\"dropdown\":{\"required\":{\"value\":true,\"message\":\"\\u8fd9\\u662f\\u5fc5\\u586b\\u680f\",\"global_message\":\"This field is required\",\"global\":true}},\"input_text_1\":{\"required\":{\"value\":true,\"message\":\"\\u8fd9\\u662f\\u5fc5\\u586b\\u680f\",\"global_message\":\"This field is required\",\"global\":true}},\"email\":{\"required\":{\"value\":true,\"message\":\"\\u8fd9\\u662f\\u5fc5\\u586b\\u680f\",\"global_message\":\"This field is required\",\"global\":true},\"email\":{\"value\":true,\"message\":\"\\u6b64\\u5b57\\u6bb5\\u5fc5\\u987b\\u5305\\u542b\\u6709\\u6548\\u7684\\u7535\\u5b50\\u90ae\\u7bb1\\u5730\\u5740\",\"global_message\":\"This field must contain a valid email\",\"global\":true}}},\"debounce_time\":300};\n                            <\/script>","protected":false},"excerpt":{"rendered":"<p>T\u00f6\u00f6tajate lojaalsus, motivatsioon ja hea t\u00f6\u00f6keskkond on iga organisatsiooni alustala. H\u00e4id inimesi ei hoia t\u00f6\u00f6l ainult palk. Enamasti lahkuvad nad [&hellip;]<\/p>\n","protected":false},"author":1,"featured_media":0,"parent":0,"menu_order":0,"comment_status":"closed","ping_status":"closed","template":"","meta":{"site-sidebar-layout":"default","site-content-layout":"","ast-site-content-layout":"default","site-content-style":"default","site-sidebar-style":"default","ast-global-header-display":"","ast-banner-title-visibility":"","ast-main-header-display":"","ast-hfb-above-header-display":"","ast-hfb-below-header-display":"","ast-hfb-mobile-header-display":"","site-post-title":"","ast-breadcrumbs-content":"","ast-featured-img":"","footer-sml-layout":"","ast-disable-related-posts":"","theme-transparent-header-meta":"","adv-header-id-meta":"","stick-header-meta":"","header-above-stick-meta":"","header-main-stick-meta":"","header-below-stick-meta":"","astra-migrate-meta-layouts":"default","ast-page-background-enabled":"default","ast-page-background-meta":{"desktop":{"background-color":"var(--ast-global-color-5)","background-image":"","background-repeat":"repeat","background-position":"center center","background-size":"auto","background-attachment":"scroll","background-type":"","background-media":"","overlay-type":"","overlay-color":"","overlay-opacity":"","overlay-gradient":""},"tablet":{"background-color":"","background-image":"","background-repeat":"repeat","background-position":"center center","background-size":"auto","background-attachment":"scroll","background-type":"","background-media":"","overlay-type":"","overlay-color":"","overlay-opacity":"","overlay-gradient":""},"mobile":{"background-color":"","background-image":"","background-repeat":"repeat","background-position":"center center","background-size":"auto","background-attachment":"scroll","background-type":"","background-media":"","overlay-type":"","overlay-color":"","overlay-opacity":"","overlay-gradient":""}},"ast-content-background-meta":{"desktop":{"background-color":"var(--ast-global-color-4)","background-image":"","background-repeat":"repeat","background-position":"center center","background-size":"auto","background-attachment":"scroll","background-type":"","background-media":"","overlay-type":"","overlay-color":"","overlay-opacity":"","overlay-gradient":""},"tablet":{"background-color":"var(--ast-global-color-4)","background-image":"","background-repeat":"repeat","background-position":"center center","background-size":"auto","background-attachment":"scroll","background-type":"","background-media":"","overlay-type":"","overlay-color":"","overlay-opacity":"","overlay-gradient":""},"mobile":{"background-color":"var(--ast-global-color-4)","background-image":"","background-repeat":"repeat","background-position":"center center","background-size":"auto","background-attachment":"scroll","background-type":"","background-media":"","overlay-type":"","overlay-color":"","overlay-opacity":"","overlay-gradient":""}},"footnotes":""},"class_list":["post-492","page","type-page","status-publish","hentry"],"_links":{"self":[{"href":"https:\/\/praisemachine.com\/zh\/wp-json\/wp\/v2\/pages\/492","targetHints":{"allow":["GET"]}}],"collection":[{"href":"https:\/\/praisemachine.com\/zh\/wp-json\/wp\/v2\/pages"}],"about":[{"href":"https:\/\/praisemachine.com\/zh\/wp-json\/wp\/v2\/types\/page"}],"author":[{"embeddable":true,"href":"https:\/\/praisemachine.com\/zh\/wp-json\/wp\/v2\/users\/1"}],"replies":[{"embeddable":true,"href":"https:\/\/praisemachine.com\/zh\/wp-json\/wp\/v2\/comments?post=492"}],"version-history":[{"count":4,"href":"https:\/\/praisemachine.com\/zh\/wp-json\/wp\/v2\/pages\/492\/revisions"}],"predecessor-version":[{"id":497,"href":"https:\/\/praisemachine.com\/zh\/wp-json\/wp\/v2\/pages\/492\/revisions\/497"}],"wp:attachment":[{"href":"https:\/\/praisemachine.com\/zh\/wp-json\/wp\/v2\/media?parent=492"}],"curies":[{"name":"wp","href":"https:\/\/api.w.org\/{rel}","templated":true}]}}