{"id":542,"date":"2026-04-14T19:02:38","date_gmt":"2026-04-14T19:02:38","guid":{"rendered":"https:\/\/kiitmismasin.ee\/?page_id=542"},"modified":"2026-04-16T11:44:44","modified_gmt":"2026-04-16T11:44:44","slug":"%e5%a4%a9%e7%9c%9f","status":"publish","type":"page","link":"https:\/\/praisemachine.com\/zh\/naited\/","title":{"rendered":"\u5b9e\u4f8b"},"content":{"rendered":"<p>\u8d5e\u7f8e\u673a\u662f\u4e00\u79cd\u5728\u4e09\u4e2a\u65b9\u9762\u5e2e\u52a9\u4eba\u4eec\u7684\u5de5\u5177\uff1a<\/p>\n\n\n\n<ol class=\"wp-block-list\">\n<li><strong>\u5728\u793e\u4ea4\u5a92\u4f53\u4e0a\u53d1\u8868\u8bc4\u8bba<\/strong> - \u77ac\u95f4\u4ea7\u751f\u4e86\u4ee4\u4eba\u6367\u8179\u548c\u597d\u7b11\u7684\u8bc4\u8bba\uff0c\u501f\u673a\u5192\u72af\u5e16\u5b50\u7684\u4f5c\u8005\u3002.<\/li>\n\n\n\n<li><strong>\u632f\u52a8\u68c0\u67e5<\/strong> - \u5bf9\u793e\u4ea4\u5a92\u4f53\u5e16\u5b50\u8fdb\u884c\u6279\u5224\u6027\u5206\u6790\uff0c\u6d1e\u5bdf\u4eba\u4eec\u5bf9\u5e16\u5b50\u7684\u89e3\u8bfb\uff0c\u5e76\u63d0\u51fa\u6539\u8fdb\u5efa\u8bae\u3002.<\/li>\n\n\n\n<li class=\"translation-block\"><strong>\u8d5e\u7f8e\u670b\u53cb<\/strong>--\u6839\u636e\u60a8\u8f93\u5165\u7684\u5173\u952e\u5b57\uff08\u59d3\u540d\u3001\u5e74\u9f84\u3001\u4e8b\u4ef6\u3001\u804c\u4e1a\u7b49\uff09\uff0c\u4ee5\u77ed\u7bc7\u5c0f\u8bf4\u3001\u8bd7\u6b4c\u3001\u6587\u51ed\u6216\u6f2b\u753b\u7684\u5f62\u5f0f\u64b0\u5199\u4e00\u4efd\u6709\u8da3\u7684\u795d\u8d3a\u6216\u8d5e\u7f8e\u3002.<\/li>\n<\/ol>\n\n\n\n<p>\u4e0b\u9762\u662f\u4e00\u4e9b\u8f93\u5165\u548c\u8f93\u51fa\u793a\u4f8b\uff0c\u786e\u5207\u5730\u8bf4\u660e\u8fd9\u4e9b\u89e3\u51b3\u65b9\u6848\u662f\u5982\u4f55\u5de5\u4f5c\u7684\u3002.<\/p>\n\n\n\n<p><\/p>","protected":false},"excerpt":{"rendered":"<p>Kiitmismasin on t\u00f6\u00f6riist, mis aitab inimesi kolmel viisil: Allpool m\u00f5ned n\u00e4ited \u2013 sisend ja v\u00e4ljund \u2013 et n\u00e4eksid t\u00e4pselt, kuidas [&hellip;]<\/p>\n","protected":false},"author":1,"featured_media":0,"parent":0,"menu_order":0,"comment_status":"closed","ping_status":"closed","template":"","meta":{"site-sidebar-layout":"default","site-content-layout":"","ast-site-content-layout":"default","site-content-style":"default","site-sidebar-style":"default","ast-global-header-display":"","ast-banner-title-visibility":"","ast-main-header-display":"","ast-hfb-above-header-display":"","ast-hfb-below-header-display":"","ast-hfb-mobile-header-display":"","site-post-title":"","ast-breadcrumbs-content":"","ast-featured-img":"","footer-sml-layout":"","ast-disable-related-posts":"","theme-transparent-header-meta":"","adv-header-id-meta":"","stick-header-meta":"","header-above-stick-meta":"","header-main-stick-meta":"","header-below-stick-meta":"","astra-migrate-meta-layouts":"default","ast-page-background-enabled":"default","ast-page-background-meta":{"desktop":{"background-color":"var(--ast-global-color-5)","background-image":"","background-repeat":"repeat","background-position":"center center","background-size":"auto","background-attachment":"scroll","background-type":"","background-media":"","overlay-type":"","overlay-color":"","overlay-opacity":"","overlay-gradient":""},"tablet":{"background-color":"","background-image":"","background-repeat":"repeat","background-position":"center center","background-size":"auto","background-attachment":"scroll","background-type":"","background-media":"","overlay-type":"","overlay-color":"","overlay-opacity":"","overlay-gradient":""},"mobile":{"background-color":"","background-image":"","background-repeat":"repeat","background-position":"center center","background-size":"auto","background-attachment":"scroll","background-type":"","background-media":"","overlay-type":"","overlay-color":"","overlay-opacity":"","overlay-gradient":""}},"ast-content-background-meta":{"desktop":{"background-color":"var(--ast-global-color-4)","background-image":"","background-repeat":"repeat","background-position":"center center","background-size":"auto","background-attachment":"scroll","background-type":"","background-media":"","overlay-type":"","overlay-color":"","overlay-opacity":"","overlay-gradient":""},"tablet":{"background-color":"var(--ast-global-color-4)","background-image":"","background-repeat":"repeat","background-position":"center center","background-size":"auto","background-attachment":"scroll","background-type":"","background-media":"","overlay-type":"","overlay-color":"","overlay-opacity":"","overlay-gradient":""},"mobile":{"background-color":"var(--ast-global-color-4)","background-image":"","background-repeat":"repeat","background-position":"center center","background-size":"auto","background-attachment":"scroll","background-type":"","background-media":"","overlay-type":"","overlay-color":"","overlay-opacity":"","overlay-gradient":""}},"footnotes":""},"class_list":["post-542","page","type-page","status-publish","hentry"],"_links":{"self":[{"href":"https:\/\/praisemachine.com\/zh\/wp-json\/wp\/v2\/pages\/542","targetHints":{"allow":["GET"]}}],"collection":[{"href":"https:\/\/praisemachine.com\/zh\/wp-json\/wp\/v2\/pages"}],"about":[{"href":"https:\/\/praisemachine.com\/zh\/wp-json\/wp\/v2\/types\/page"}],"author":[{"embeddable":true,"href":"https:\/\/praisemachine.com\/zh\/wp-json\/wp\/v2\/users\/1"}],"replies":[{"embeddable":true,"href":"https:\/\/praisemachine.com\/zh\/wp-json\/wp\/v2\/comments?post=542"}],"version-history":[{"count":3,"href":"https:\/\/praisemachine.com\/zh\/wp-json\/wp\/v2\/pages\/542\/revisions"}],"predecessor-version":[{"id":571,"href":"https:\/\/praisemachine.com\/zh\/wp-json\/wp\/v2\/pages\/542\/revisions\/571"}],"wp:attachment":[{"href":"https:\/\/praisemachine.com\/zh\/wp-json\/wp\/v2\/media?parent=542"}],"curies":[{"name":"wp","href":"https:\/\/api.w.org\/{rel}","templated":true}]}}